{"id":246,"date":"2024-02-22T04:13:10","date_gmt":"2024-02-22T04:13:10","guid":{"rendered":"https:\/\/redespaciodetrabajo.udelar.edu.uy\/?page_id=246"},"modified":"2024-02-22T04:14:54","modified_gmt":"2024-02-22T04:14:54","slug":"5o-bitacora-2024","status":"publish","type":"page","link":"https:\/\/redespaciodetrabajo.udelar.edu.uy\/?page_id=246","title":{"rendered":"5\u00ba Bit\u00e1cora (2024)"},"content":{"rendered":"\t\t<div data-elementor-type=\"wp-page\" data-elementor-id=\"246\" class=\"elementor elementor-246\">\n\t\t\t\t\t\t<section class=\"elementor-section elementor-top-section elementor-element elementor-element-75bbef8 elementor-section-boxed elementor-section-height-default elementor-section-height-default\" data-id=\"75bbef8\" data-element_type=\"section\" data-e-type=\"section\">\n\t\t\t\t\t\t<div class=\"elementor-container elementor-column-gap-default\">\n\t\t\t\t\t<div class=\"elementor-column elementor-col-50 elementor-top-column elementor-element elementor-element-8024938\" data-id=\"8024938\" data-element_type=\"column\" data-e-type=\"column\">\n\t\t\t<div class=\"elementor-widget-wrap elementor-element-populated\">\n\t\t\t\t\t\t<div class=\"elementor-element elementor-element-f87b8ec elementor-widget elementor-widget-image\" data-id=\"f87b8ec\" data-element_type=\"widget\" data-e-type=\"widget\" data-widget_type=\"image.default\">\n\t\t\t\t<div class=\"elementor-widget-container\">\n\t\t\t\t\t\t\t\t\t\t\t\t\t\t\t<img decoding=\"async\" width=\"150\" height=\"150\" src=\"https:\/\/redespaciodetrabajo.udelar.edu.uy\/wp-content\/uploads\/2023\/05\/logo-Espacio-150x150.jpg\" class=\"attachment-thumbnail size-thumbnail wp-image-194\" alt=\"\" \/>\t\t\t\t\t\t\t\t\t\t\t\t\t\t\t<\/div>\n\t\t\t\t<\/div>\n\t\t\t\t<div class=\"elementor-element elementor-element-8f39b55 elementor-widget__width-initial elementor-widget elementor-widget-text-editor\" data-id=\"8f39b55\" data-element_type=\"widget\" data-e-type=\"widget\" data-widget_type=\"text-editor.default\">\n\t\t\t\t<div class=\"elementor-widget-container\">\n\t\t\t\t\t\t\t\t\t<p><strong>Bit\u00e1cora REDes <\/strong><\/p><p>A\u00f1o IV\u00a0 \u00a0 \u00a0 \u00a0 \u00a0 \u00a0 \u00a0 \u00a0 \u00a0 \u00a0 \u00a0 \u00a0 \u00a0 \u00a0 \u00a0 \u00a0 \u00a0 \u00a0 \u00a0 \u00a0 \u00a0 \u00a0 \u00a0 \u00a0 \u00a0 \u00a0 \u00a0 \u00a0 \u00a0<\/p><p>Montevideo, 19 de febrero de 2024.<\/p><p>La presente bit\u00e1cora es para dejar constancia de los proyectos para este a\u00f1o de la Red Espacio de Trabajo (REDesp).<\/p><p><strong>Proyectos.<\/strong> La REDesp est\u00e1 comenzando con un proyecto que hace largo tiempo exist\u00eda postergado. Es la generaci\u00f3n de un observatorio de conflictos colectivos de tipo cualitativo.<\/p><p>Desde CEALS (1997) no existe un obervatorio de tipo cualitativo. La idea que tenemos es realizar una descripci\u00f3n con posterior an\u00e1lisis de un determinado conflicto que observamos: el conflicto en el que interviene UTP; colectivo con el que estuvimos trabajando.<\/p><p>Este conflicto tiene particulares caracter\u00edsticas que parecen hacerlo singular y deseamos comenzar con \u00e9l.<\/p><p>\u00a0cuales subsiste y tiene como campo la violencia y la libertad sindical.<\/p><p>El trabajo en plataformas ha tenido diferentes aproximaciones desde el campo de la salud laboral y con investigaci\u00f3n en la l\u00ednea de negociaci\u00f3n colectiva. Algunos de los primeros<\/p>\t\t\t\t\t\t\t\t<\/div>\n\t\t\t\t<\/div>\n\t\t\t\t\t<\/div>\n\t\t<\/div>\n\t\t\t\t<div class=\"elementor-column elementor-col-50 elementor-top-column elementor-element elementor-element-1af6d5a\" data-id=\"1af6d5a\" data-element_type=\"column\" data-e-type=\"column\">\n\t\t\t<div class=\"elementor-widget-wrap elementor-element-populated\">\n\t\t\t\t\t\t<div class=\"elementor-element elementor-element-04c645f elementor-widget elementor-widget-text-editor\" data-id=\"04c645f\" data-element_type=\"widget\" data-e-type=\"widget\" data-widget_type=\"text-editor.default\">\n\t\t\t\t<div class=\"elementor-widget-container\">\n\t\t\t\t\t\t\t\t\t<p>resultados de esto \u00faltimo fueron presentados en el seminario de investigaci\u00f3n de Facultad de Derecho (Octubre\/23), este trabajo comenzaba a atender el debilitamiento, que ya hab\u00eda sido estudiado por otros grupos del propio espacio, a partir de los cambios tecnol\u00f3gicos organizacionales.<\/p><p>Aqu\u00ed se comenzar\u00e1 con una investigaci\u00f3n que atender\u00e1 a la mutaci\u00f3n de las modalidades de conflicto colectivo generando un observatorio.<\/p><p>El segundo proyecto tiene relaci\u00f3n con la divulgaci\u00f3n y el beneficio que puede producir en colectivos vulnerables la visibilidad. En este caso una vez m\u00e1s recurriendo al arte como se hizo con discapacidad.<\/p><p>Por lo que Derecho y Artes atender\u00e1 colectivos vulnerables, la idea es lanzar el concurso de fotograf\u00eda, podcast, videos y dem\u00e1s manifestaciones art\u00edsticas ni bien se logre coordinar con representantes de otros colectivos. Esa tarea se est\u00e1 realizando.<\/p><p><strong>Comunicaci\u00f3n.<\/strong> Presentaci\u00f3n a fines de marzo de la p\u00e1gina de modo oficial con lanzamiento imbricando con el proyecto de Derecho y Artes.<\/p><p><strong>Convocatoria general.<\/strong> Por otra parte se convocar\u00e1 a la red en su totalidad: espacio estudiantes (semillero), egresados y docentes de todos los pa\u00edses que la integran en convocatoria especial en fecha pr\u00f3xima.<\/p>\t\t\t\t\t\t\t\t<\/div>\n\t\t\t\t<\/div>\n\t\t\t\t\t<\/div>\n\t\t<\/div>\n\t\t\t\t\t<\/div>\n\t\t<\/section>\n\t\t\t\t<\/div>\n\t\t","protected":false},"excerpt":{"rendered":"<p>Bit\u00e1cora REDes A\u00f1o IV\u00a0 \u00a0 \u00a0 \u00a0 \u00a0 \u00a0 \u00a0 \u00a0 \u00a0 \u00a0 \u00a0 \u00a0 \u00a0 \u00a0 \u00a0 \u00a0 \u00a0 \u00a0 \u00a0 \u00a0 \u00a0 \u00a0 \u00a0 \u00a0 \u00a0 \u00a0 \u00a0 \u00a0 \u00a0 Montevideo, 19 de febrero de 2024. La presente bit\u00e1cora es para dejar constancia de los proyectos para este a\u00f1o de la Red Espacio [&hellip;]<\/p>\n","protected":false},"author":1,"featured_media":0,"parent":12,"menu_order":0,"comment_status":"closed","ping_status":"closed","template":"","meta":{"footnotes":""},"class_list":["post-246","page","type-page","status-publish","hentry"],"_links":{"self":[{"href":"https:\/\/redespaciodetrabajo.udelar.edu.uy\/index.php?rest_route=\/wp\/v2\/pages\/246","targetHints":{"allow":["GET"]}}],"collection":[{"href":"https:\/\/redespaciodetrabajo.udelar.edu.uy\/index.php?rest_route=\/wp\/v2\/pages"}],"about":[{"href":"https:\/\/redespaciodetrabajo.udelar.edu.uy\/index.php?rest_route=\/wp\/v2\/types\/page"}],"author":[{"embeddable":true,"href":"https:\/\/redespaciodetrabajo.udelar.edu.uy\/index.php?rest_route=\/wp\/v2\/users\/1"}],"replies":[{"embeddable":true,"href":"https:\/\/redespaciodetrabajo.udelar.edu.uy\/index.php?rest_route=%2Fwp%2Fv2%2Fcomments&post=246"}],"version-history":[{"count":4,"href":"https:\/\/redespaciodetrabajo.udelar.edu.uy\/index.php?rest_route=\/wp\/v2\/pages\/246\/revisions"}],"predecessor-version":[{"id":250,"href":"https:\/\/redespaciodetrabajo.udelar.edu.uy\/index.php?rest_route=\/wp\/v2\/pages\/246\/revisions\/250"}],"up":[{"embeddable":true,"href":"https:\/\/redespaciodetrabajo.udelar.edu.uy\/index.php?rest_route=\/wp\/v2\/pages\/12"}],"wp:attachment":[{"href":"https:\/\/redespaciodetrabajo.udelar.edu.uy\/index.php?rest_route=%2Fwp%2Fv2%2Fmedia&parent=246"}],"curies":[{"name":"wp","href":"https:\/\/api.w.org\/{rel}","templated":true}]}}