{"id":241,"date":"2024-02-22T04:10:15","date_gmt":"2024-02-22T04:10:15","guid":{"rendered":"https:\/\/redespaciodetrabajo.udelar.edu.uy\/?page_id=241"},"modified":"2024-02-22T04:11:58","modified_gmt":"2024-02-22T04:11:58","slug":"4o-bitacora-2023","status":"publish","type":"page","link":"https:\/\/redespaciodetrabajo.udelar.edu.uy\/?page_id=241","title":{"rendered":"4\u00ba Bit\u00e1cora (2023)"},"content":{"rendered":"\t\t<div data-elementor-type=\"wp-page\" data-elementor-id=\"241\" class=\"elementor elementor-241\">\n\t\t\t\t\t\t<section class=\"elementor-section elementor-top-section elementor-element elementor-element-a634902 elementor-section-boxed elementor-section-height-default elementor-section-height-default\" data-id=\"a634902\" data-element_type=\"section\" data-e-type=\"section\">\n\t\t\t\t\t\t<div class=\"elementor-container elementor-column-gap-default\">\n\t\t\t\t\t<div class=\"elementor-column elementor-col-50 elementor-top-column elementor-element elementor-element-7843fa3\" data-id=\"7843fa3\" data-element_type=\"column\" data-e-type=\"column\">\n\t\t\t<div class=\"elementor-widget-wrap elementor-element-populated\">\n\t\t\t\t\t\t<div class=\"elementor-element elementor-element-44b5da9 elementor-widget elementor-widget-image\" data-id=\"44b5da9\" data-element_type=\"widget\" data-e-type=\"widget\" data-widget_type=\"image.default\">\n\t\t\t\t<div class=\"elementor-widget-container\">\n\t\t\t\t\t\t\t\t\t\t\t\t\t\t\t<img decoding=\"async\" width=\"150\" height=\"150\" src=\"https:\/\/redespaciodetrabajo.udelar.edu.uy\/wp-content\/uploads\/2023\/05\/logo-Espacio-150x150.jpg\" class=\"attachment-thumbnail size-thumbnail wp-image-194\" alt=\"\" \/>\t\t\t\t\t\t\t\t\t\t\t\t\t\t\t<\/div>\n\t\t\t\t<\/div>\n\t\t\t\t<div class=\"elementor-element elementor-element-d35435c elementor-widget elementor-widget-text-editor\" data-id=\"d35435c\" data-element_type=\"widget\" data-e-type=\"widget\" data-widget_type=\"text-editor.default\">\n\t\t\t\t<div class=\"elementor-widget-container\">\n\t\t\t\t\t\t\t\t\t<p><strong>Bit\u00e1cora REDesp <\/strong><\/p><p>A\u00f1o III\u00a0 \u00a0 \u00a0 \u00a0 \u00a0 \u00a0 \u00a0 \u00a0 \u00a0 \u00a0 \u00a0 \u00a0 \u00a0 \u00a0 \u00a0 \u00a0 \u00a0 \u00a0 \u00a0 \u00a0 \u00a0 \u00a0 \u00a0 \u00a0 \u00a0 \u00a0 \u00a0 \u00a0 \u00a0 \u00a0 \u00a0 \u00a0 \u00a0 \u00a0 \u00a0<\/p><p>Montevideo, 24 de noviembre de 2023.<\/p><p>La presente bit\u00e1cora es para dejar constancia de los avances que se han producido en la configuraci\u00f3n de Espacio de Trabajo en una red. La Red Espacio de Trabajo (REDesp) estuvo trabajando especialmente en Plataformas.<\/p><p>El trabajo con el semillero de estudiantes fue por dem\u00e1s satisfactorio. Estos resultados fueron expuesto en el Seminario de Investigaci\u00f3n de Facultad de Derecho (UdelaR), en el mes de octubre de 2023.<\/p><p>Se avanz\u00f3 en la investigaci\u00f3n sobre la l\u00ednea de salud laboral. En el eje de Violencia y Salud se expusieron resultados en el Congreso sobre Violencia y Acoso organizado por el Observatorio de Violencia y Acoso (UdelaR).<\/p><p><strong>Comunicaci\u00f3n.<\/strong> En cuanto al medio de a la p\u00e1gina web se siguieron generando contenidos y le falta menos para que<\/p>\t\t\t\t\t\t\t\t<\/div>\n\t\t\t\t<\/div>\n\t\t\t\t\t<\/div>\n\t\t<\/div>\n\t\t\t\t<div class=\"elementor-column elementor-col-50 elementor-top-column elementor-element elementor-element-62298f2\" data-id=\"62298f2\" data-element_type=\"column\" data-e-type=\"column\">\n\t\t\t<div class=\"elementor-widget-wrap elementor-element-populated\">\n\t\t\t\t\t\t<div class=\"elementor-element elementor-element-bace454 elementor-widget elementor-widget-text-editor\" data-id=\"bace454\" data-element_type=\"widget\" data-e-type=\"widget\" data-widget_type=\"text-editor.default\">\n\t\t\t\t<div class=\"elementor-widget-container\">\n\t\t\t\t\t\t\t\t\t<p>podamos hacer su lanzamiento oficial. Debemos reiterar una vez m\u00e1s que: seguimos apostando a la p\u00e1gina web que ahora tiene el dominio de central de la Universidad de la Rep\u00fablica (UdelaR, Uruguay).<\/p><p>Est\u00e1 pendiente el trabajo sobre Derecho Comparado que qued\u00f3 pendiente. Est\u00e1 realizada la desgrabaci\u00f3n del \u00faltimo encuentro donde en la tem\u00e1tica que se discuti\u00f3 quedan marcadas dos grandes l\u00edneas de trabajo: teletrabajo vs rurales. Ya que dependiendo el pa\u00eds de que se trate es m\u00e1s importante un tema que otro. Ej. En Argentina, Uruguay, Chile importa el teletrabajo, pero en lugares como Honduras con una tasa de informalidad cercana al 80% ocuparse del tema trabajo rural parece lo m\u00e1s prudente, tal como se observa en esas sesiones de discusi\u00f3n. Muy rico es el material que de all\u00ed surge.<\/p><p><strong>Reuniones.<\/strong> Hemos mantenido reuniones presenciales. Este retorno a la presencialidad ha sido un gran motor para el desarrollo de equipos que sean activos en las diferentes l\u00edneas.\u00a0<\/p><p><strong>Convocatoria general.<\/strong> Por otra parte, se convoc\u00f3 especialmente en este a\u00f1o nuevamente de forma fundamental al espacio de estudiantes (semilleros).<\/p>\t\t\t\t\t\t\t\t<\/div>\n\t\t\t\t<\/div>\n\t\t\t\t\t<\/div>\n\t\t<\/div>\n\t\t\t\t\t<\/div>\n\t\t<\/section>\n\t\t\t\t<\/div>\n\t\t","protected":false},"excerpt":{"rendered":"<p>Bit\u00e1cora REDesp A\u00f1o III\u00a0 \u00a0 \u00a0 \u00a0 \u00a0 \u00a0 \u00a0 \u00a0 \u00a0 \u00a0 \u00a0 \u00a0 \u00a0 \u00a0 \u00a0 \u00a0 \u00a0 \u00a0 \u00a0 \u00a0 \u00a0 \u00a0 \u00a0 \u00a0 \u00a0 \u00a0 \u00a0 \u00a0 \u00a0 \u00a0 \u00a0 \u00a0 \u00a0 \u00a0 \u00a0 Montevideo, 24 de noviembre de 2023. La presente bit\u00e1cora es para dejar constancia de los avances que [&hellip;]<\/p>\n","protected":false},"author":1,"featured_media":0,"parent":12,"menu_order":0,"comment_status":"closed","ping_status":"closed","template":"","meta":{"footnotes":""},"class_list":["post-241","page","type-page","status-publish","hentry"],"_links":{"self":[{"href":"https:\/\/redespaciodetrabajo.udelar.edu.uy\/index.php?rest_route=\/wp\/v2\/pages\/241","targetHints":{"allow":["GET"]}}],"collection":[{"href":"https:\/\/redespaciodetrabajo.udelar.edu.uy\/index.php?rest_route=\/wp\/v2\/pages"}],"about":[{"href":"https:\/\/redespaciodetrabajo.udelar.edu.uy\/index.php?rest_route=\/wp\/v2\/types\/page"}],"author":[{"embeddable":true,"href":"https:\/\/redespaciodetrabajo.udelar.edu.uy\/index.php?rest_route=\/wp\/v2\/users\/1"}],"replies":[{"embeddable":true,"href":"https:\/\/redespaciodetrabajo.udelar.edu.uy\/index.php?rest_route=%2Fwp%2Fv2%2Fcomments&post=241"}],"version-history":[{"count":4,"href":"https:\/\/redespaciodetrabajo.udelar.edu.uy\/index.php?rest_route=\/wp\/v2\/pages\/241\/revisions"}],"predecessor-version":[{"id":245,"href":"https:\/\/redespaciodetrabajo.udelar.edu.uy\/index.php?rest_route=\/wp\/v2\/pages\/241\/revisions\/245"}],"up":[{"embeddable":true,"href":"https:\/\/redespaciodetrabajo.udelar.edu.uy\/index.php?rest_route=\/wp\/v2\/pages\/12"}],"wp:attachment":[{"href":"https:\/\/redespaciodetrabajo.udelar.edu.uy\/index.php?rest_route=%2Fwp%2Fv2%2Fmedia&parent=241"}],"curies":[{"name":"wp","href":"https:\/\/api.w.org\/{rel}","templated":true}]}}