{"id":24,"date":"2021-08-21T11:28:08","date_gmt":"2021-08-21T11:28:08","guid":{"rendered":"https:\/\/redespaciodetrabajo.udelar.edu.uy\/?page_id=24"},"modified":"2023-05-21T23:34:47","modified_gmt":"2023-05-21T23:34:47","slug":"historia","status":"publish","type":"page","link":"https:\/\/redespaciodetrabajo.udelar.edu.uy\/?page_id=24","title":{"rendered":"Historia"},"content":{"rendered":"\t\t<div data-elementor-type=\"wp-page\" data-elementor-id=\"24\" class=\"elementor elementor-24\">\n\t\t\t\t\t\t<section class=\"elementor-section elementor-top-section elementor-element elementor-element-664a9ab elementor-section-boxed elementor-section-height-default elementor-section-height-default\" data-id=\"664a9ab\" data-element_type=\"section\" data-e-type=\"section\">\n\t\t\t\t\t\t<div class=\"elementor-container elementor-column-gap-default\">\n\t\t\t\t\t<div class=\"elementor-column elementor-col-100 elementor-top-column elementor-element elementor-element-3906f0e\" data-id=\"3906f0e\" data-element_type=\"column\" data-e-type=\"column\">\n\t\t\t<div class=\"elementor-widget-wrap elementor-element-populated\">\n\t\t\t\t\t\t<div class=\"elementor-element elementor-element-ccab554 elementor-widget elementor-widget-text-editor\" data-id=\"ccab554\" data-element_type=\"widget\" data-e-type=\"widget\" data-widget_type=\"text-editor.default\">\n\t\t\t\t<div class=\"elementor-widget-container\">\n\t\t\t\t\t\t\t\t\t<p><em><span style=\"color: #ff0000;\"><strong>PROYECTO<\/strong><\/span><\/em><\/p><p><strong>\u00bfCu\u00e1les son los objetivos generales que se pretenden conseguir con el REDes?<\/strong><\/p><p>La conformaci\u00f3n de una red que trabaje complejidad e interdisciplina en diferentes l\u00edneas de investigaci\u00f3n sobre el tema trabajo en el \u00e1mbito regional latinoamericano.<\/p><p><strong>\u00bfCu\u00e1les son los objetivos concretos que se pretenden conseguir con la creaci\u00f3n de una nueva web para el REDes?<\/strong><\/p><p>Profundizar en las diferentes l\u00edneas de investigaci\u00f3n actualmente: rurales y plataformas.<\/p><p>Enfatizar en los cruces con salud laboral y negociaci\u00f3n colectiva siendo estas\u00a0 l\u00edneas transversales que atraviesan las tem\u00e1ticas trabajadas.<\/p><p>Influir con la investigaci\u00f3n y difusi\u00f3n inmediata de esa investigaci\u00f3n de modo que sea de utilidad a diversos colectivos vulnerables (extensi\u00f3n universitaria).<\/p><p><em><span style=\"color: #ff0000;\"><strong>ESPACIO Y FILOSOF\u00cdA<\/strong><\/span><\/em><\/p><p><strong>\u00bfCu\u00e1l es la historia del REDes? <\/strong><\/p><p>Es actualmente una red interdisciplinaria que se dedica a la investigaci\u00f3n y difusi\u00f3n interacutando con la Red Acad\u00e9mica de Trabajo o Red El Mundo del Trabajo (Uruguay), con Redalc (Chile) que hemos co-fundado.que he coordinado desde casi la misma \u00e9poca que se genera Espacio de Trabajo (ET, 2005).<\/p><p>El antecedente de esta Red es Espacio de Trabajo (ET, 2005) que es un espacio de investigaci\u00f3n, que comienza con un proyecto de innovaci\u00f3n educativa, se transforma en un espacio interdisciplinario\u00a0 porque tambi\u00e9n suma Derecho m\u00e1s Relaciones Laborales.<\/p><p>Este Espacio de Trabajo\u00a0 sigue existiendo esta compuesto por estudiantes y egresados de las carreras de Derecho y Relaciones Laborales podr\u00eda considerarse es la semilla de la red (semillero). Desde el 14 de marzo de 2020 se esta alimentado por la Red Acad\u00e9mica de Trabajo y otras redes que en lo personal he ido construyendo a lo largo de los a\u00f1os.<\/p><p>Redes de personas dedicadas al tema trabajo Argentina y Chile particularmente ten\u00eda dos grupos de trabajo en vistas de generar un espacio latinoamericano tambi\u00e9n interdisciplinario. Pero que actualmente se han ido agregando integrantes docentes, maestrandos y doctorandos de Colombia, Brasil y Honduras adem\u00e1s de Chile y Argentina.<\/p><p>Espacio de Trabajo (ET)\u00a0 ha sido y es un espacio de investigaci\u00f3n que considera que investigar es tan importante como difundir lo investigado. Porque eso de ese modo llega a la sociedad y a los colectivos a los que les puede ser de utilidad la investigaci\u00f3n de modo directo.<\/p><p><strong>Sobre Espacio de Trabajo:<\/strong><\/p><ol><li><strong>\u00bfQu\u00e9 trayectoria ha tenido? <\/strong><\/li><\/ol><p>Espacio de Trabajo ha realizado talleres sobre las tem\u00e1ticas de investigaci\u00f3n que lo han ocupado (ocupaciones, modelo de relaciones laborales, discapacidad, derechos fundamentales, salud, negociaci\u00f3n colectiva, automatizaci\u00f3n y trabajo (en las l\u00edneas salud y negociaci\u00f3n colectiva.<\/p><p>Al comienzo se replicaron los talleres en la Regional Norte (sobre ocupaciones y modelo de relaciones laborales (2006)<\/p><p>En el a\u00f1o 2007 se lanza un concurso monogr\u00e1fico con un premio en efectivo. El ganador es un estudiante de la Regional Norte y se entrega el premio en la ciudad de Salto.<\/p><p>Este a\u00f1o 2007 es importante porque es tambi\u00e9n el a\u00f1o en que se lanza el bolet\u00edn C\u00f3digos Y Claves con participaci\u00f3n de estudiantes de Universidad de la Rep\u00fablica (UdelaR) y de la Universidad de Buenos Aires (UBA).<\/p><p>Es en este a\u00f1o que realizamos una pel\u00edcula como un trabajo de investigaci\u00f3n. Esta pel\u00edcula fue presentada en Montevideo y Buenos Aires como un material did\u00e1ctico (se utilizan partes de Germinal, La Reeducaci\u00f3n, La Demolici\u00f3n y el M\u00e9todo). Edici\u00f3n cinematogr\u00e1fica fue realizada por el Director de cine Pablo Rodr\u00edguez.<\/p><p>En 2008 trabajamos en conjunto con un proyecto UBACYT (Ciencia y Tecnolog\u00eda)\u00a0 con la C\u00e1tedra de Palomino-Garro. El proyecto de Negociaci\u00f3n Colectiva en el sector papelero.<\/p><p>En el 2008 tambi\u00e9n trabajamos con proyecto de Extensi\u00f3n Universitaria tanto el tema Negociaci\u00f3n Colectiva como Salud Laboral.<\/p><p>Estos proyectos se extienden hasta el a\u00f1o 2012. Son proyectos de investigaci\u00f3n\/extensi\u00f3n.<\/p><p>En el a\u00f1o 2010 realizamos un proyecto sin financiaci\u00f3n espec\u00edfica que se refer\u00eda a discapacidad: hicimos en el mes de diciembre de 2012 una presentaci\u00f3n de la investigaci\u00f3n realizada con una agenda acad\u00e9mico-cultural: teatro, cine, pintura. Fue difundido por la prensa y el objetivo era hacer llegar la investigaci\u00f3n al medio social porque se estaba discutiendo la reglamentaci\u00f3n de una ley sobre el tema.<\/p><p>Este momento hace un quiebre en el modo de concebir el proyecto ah\u00ed Espacio de Trabajo comienza a hacer \u00e9nfasis en colectivos vulnerables.<\/p><p>Entre los a\u00f1os 2013 y 2015 las reuniones siguen siendo semanales, hay cambios en la integraci\u00f3n de Espacio de Trabajo. Lo que implica un trabajo en metodolog\u00eda. Y una sucesi\u00f3n de integrantes que se fueron seleccionando.<\/p><p>Se tratan tem\u00e1ticas vinculados a derechos fundamentales. No se deja de trabajar Salud y Negociaci\u00f3n Colectiva.<\/p><p>Siendo en el a\u00f1o 2017 que se completa un cambio de equipo que es el que trabaja hasta la actualidad habi\u00e9ndose integrado m\u00e1s personas durante 2020 y 2021.<\/p><p>Habi\u00e9ndose realizado una puesta a punto metodol\u00f3gica y luego de un estudio del tema de la automatizaci\u00f3n y su impacto en el trabajo, en la relaci\u00f3n individual, en la salud laboral y en la negociaci\u00f3n colectiva. Comenz\u00e1ndose a trabajar especialmente sobre Plataformas.<\/p><p>En junio de 2019 se lleva a cabo en el Paraninfo de la Universidad (Uruguay) y el anfiteatro de la Central un conversatorio entre la Universidad de la Rep\u00fablica y el PIT CNT, que involucro di\u00e1logos cruzados con los diferentes actores sociales (conversaciones en vivo y reales).<\/p><p>Siempre se tuvo v\u00ednculo con dos Secretar\u00edas del PIT CNT vinculadas por proyectos de Extensi\u00f3n: Desarrollo Productivo y Salud Laboral. Son di\u00e1logos reales porque se dan entre actores que ya se hab\u00edan convocado a dialogar en varias oportunidades anteriores, cuyas conversaciones se reproducen en un \u00e1mbito ampliado.<\/p><p>A esto se suma el di\u00e1logo interdisciplinario de Espacio de Trabajo y de la Red El Mundo del Trabajo o Red Acad\u00e9mica de Trabajo (que est\u00e1 compuesta por todos los servicios de la UdelaR que tienen como objeto de estudio el tema trabajo: Medicina, Psicolog\u00eda, Ciencias Sociales, Derecho, Relaciones Laborales, pero tambi\u00e9n han intervenido en distintos momentos: Econom\u00eda, Historia, Arquitectura, Comunicaci\u00f3n, etc.<\/p><p>Ambos di\u00e1logos interdisciplinarios alimentan hoy en d\u00eda esta red interdisciplinaria Espacio de Trabajo.\u00a0 A esto se suman docentes, maestrandos y doctorandos de otros pa\u00edses como ya mencion\u00e1ramos.<\/p><p>En el mes de marzo de 2020 se piensa en la realizaci\u00f3n de un documental.<\/p><ol><li><strong>\u00bfCu\u00e1l es su situaci\u00f3n actual? <\/strong>Este documental se decide en el mes de febrero. Se pretende trasmitir una historia muy concreta que esta escrita y se busca guionista y es all\u00ed donde buscamos un comunicador para que se pueda encargar de otros aspectos. Luego esto se hizo vital a partir de la transformaci\u00f3n del Espacio en Red y la emergencia del fen\u00f3meno COVID que impacta directamente sobre el tema trabajo. Es necesario a\u00fan m\u00e1s difundir investigaci\u00f3n en las l\u00edneas fijas de este Espacio: Salud y Negociaci\u00f3n Colectiva. Porque la salud se intenta siempre resolver de modo bipartito y negociado. Y porque hace falta siempre un di\u00e1logo social cuando se sale de situaciones similares a la de una guerra o situaciones de posguerra.<\/li><\/ol><ol><li><strong>\u00bfQu\u00e9 desea para el futuro?<\/strong><\/li><\/ol><p>Generar un v\u00ednculo que permita la llegada a la sociedad de las investigaciones que se realice. Se necesita tambi\u00e9n realizar ese documental y hay otro pendiente del que ya hay material grabado que es sobre discapacidad.<\/p><p><strong>\u00bfPor qu\u00e9 decides crear la REDes?<\/strong><\/p><p>Esta idea ya estaba instalada porque se consideraba una necesidad generar v\u00ednculos desde Am\u00e9rica Latina para hacer frente a los temas relacionados con el trabajo. Los grupos de trabajo que se generaron principalmente en Argentina y Chile albergaban la idea de generar una red que se denominara Colibr\u00ed.<\/p><p>Este nombre est\u00e1 basado en la leyenda que me cont\u00f3 una abogada mapuche y esta leyenda en definitiva tiene el siguiente mensaje: \u201ccada uno hace su parte\u201d, el colibr\u00ed puede no apagar el incendio de un bosque pero si hace su parte est\u00e1 haciendo lo que est\u00e1 a su alcance desde su ser.<\/p><p>Si cada uno realizara la tarea que fuera necesaria e hiciera su parte quiz\u00e1 se podr\u00eda lograr el objetivo que en el caso de la leyenda era apagar el incendio de un bosque.<\/p><p><strong>\u00bfQu\u00e9 valores destacar\u00edas de la REDes?<\/strong><\/p><p>Los valores que desatacar\u00eda son la solidaridad y la coherencia<strong>. <\/strong><\/p><p><strong>Si la RED es fuese una persona<\/strong><\/p><p><strong>\u00bfC\u00f3mo ser\u00eda? \u00bfQu\u00e9 gustos tendr\u00eda?<\/strong><\/p><p>Ser\u00eda coherente y solidaria. Honesta y transparente.<\/p><p><strong>Si la REDes fuese un animal<\/strong><\/p><p><strong>\u00bfCu\u00e1l y c\u00f3mo ser\u00eda?<\/strong><\/p><p>Primero pens\u00e9 en un gato o un perro. Pero luego pens\u00e9 que ser\u00eda un le\u00f3n. Ser\u00eda muy firme. O un tigre porque tambi\u00e9n estar\u00eda atento y desafiante ante cualquier ataque. En este caso posible avasallamiento de los derechos humanos.<\/p><p><strong>Si la REDes fuese una imagen o fotograf\u00eda<\/strong><\/p><p><strong>\u00bfCu\u00e1l ser\u00eda? (Puedes pegar a continuaci\u00f3n la imagen o fotograf\u00eda elegida)<\/strong><\/p><p>Ser\u00eda un cielo azul.<\/p><p><strong>Define en una \u00fanica frase el valor diferencial de la REDes:<\/strong><\/p><p>Es la coherencia y la difusi\u00f3n inmediata de lo investigado para que esto sea utilizado por poblaci\u00f3n vulnerable para lo que procura convesatorios reales entre colectivos que realmente conectan o conecten a nivel nacional y regional.<\/p><p><em><span style=\"color: #ff0000;\"><strong>P\u00daBLICO OBJETIVO<\/strong><\/span><\/em><\/p><p><strong>\u00bfCu\u00e1l es el p\u00fablico objetivo de la REDes?<\/strong><\/p><p>Es un p\u00fablico acad\u00e9mico pero tambi\u00e9n est\u00e1 dirigido a la poblaci\u00f3n en general.<\/p><p><strong>\u00bfCu\u00e1l es el rango de edad \u00f3ptima de tu p\u00fablico objetivo?<\/strong><\/p><p>Desde los 18 a\u00f1os en adelante sin l\u00edmite de edad.<\/p><p><strong>\u00bfQu\u00e9 valores te gustar\u00eda que el p\u00fablico objetivo destaque de la REDes?<\/strong><\/p><p>Solidaridad y coherencia<\/p><p><strong>\u00bfPor qu\u00e9 tu p\u00fablico objetivo recurrir\u00eda a la REDes?<\/strong><\/p><p>Por informaci\u00f3n sobre investigaciones que pueden serles de utilidad.<\/p><p><strong>\u00bfCrees que tu p\u00fablico objetivo tiene gustos m\u00e1s cl\u00e1sicos o m\u00e1s modernos?<\/strong><\/p><p>Seguramente como la franja etaria es amplia pueden ser gustos cl\u00e1sicos o modernos.<\/p><p><em><span style=\"color: #ff0000;\"><strong>SECTOR<\/strong><\/span><\/em><\/p><p><strong>\u00bfQu\u00e9 otros grupos, espacios u organizaciones desarrollan una actividad similar a la de la REDes?<\/strong><\/p><p>No conozco.<\/p><p><strong>\u00bfCu\u00e1les son las ventajas de la REDes respecto a esos otros grupos \/ organizaciones?<\/strong><\/p><p>Si existieran otros que desconozco\u00a0 podr\u00edan ser la idea de entablar conversatorios reales y de difundir inmediatamente lo investigado.<\/p><p><strong>\u00bfCu\u00e1les son las desventajas de la REDes respecto a esos otros grupos<\/strong><strong>\u00a0\/ organizaciones?<\/strong><\/p><p>Podr\u00eda ser que las redes no son f\u00e1cilmente financiables sino por proyectos y por grupos. Los grupos son las bases de las redes pero si la experiencia pasara por ese proyectismo las interacciones son menores y se corre riesgo de desintegraci\u00f3n.<\/p><p><strong>\u00bfExiste alg\u00fan grupo \/ organizaci\u00f3n que trabaje en el mismo sentido de la <\/strong><strong>REDes<\/strong><strong> y que admire? \u00bfCu\u00e1l es y por qu\u00e9?<\/strong><\/p><p>Es que no conozco.<\/p><p><strong>\u00bfC\u00f3mo describir\u00eda al sector en el que opera de la <\/strong><strong>REDes<\/strong><strong>?<\/strong><\/p><p>Trabajo.<\/p><p><em><span style=\"color: #ff0000;\"><strong>ESTRATEGIAS ANTERIORES Y FUTURAS<\/strong><\/span><\/em><\/p><p><strong>\u00bfHas tenido alguna mala experiencia con la actual imagen de la REDes?<\/strong><\/p><p>No he tenido mala experiencia en ese sentido.<\/p><p><strong>\u00bfPor qu\u00e9 has decidido cambiar\/renovar la imagen de la REDes?<\/strong><\/p><p>Para que se adapte a lo que es actualmente una red en red (redes que interact\u00faan, que maneja l\u00edneas en l\u00ednea (cruzadas)<\/p><p><strong>\u00bfTienes planes de desarrollo o de nuevos contenidos dentro de la REDes en un corto plazo? \u00bfCu\u00e1les?<\/strong><\/p><p>Realizar una p\u00e1gina web que refleje estos cambios.<\/p><p>Realizar trabajo en derecho comparado con los integrantes de los pa\u00edses que tienen experiencia en ello.<\/p><p>La realizaci\u00f3n de un conversatorio real aunque sea virtual. La idea es que no sea una sucesi\u00f3n de participantes donde cada uno da su visi\u00f3n y que luego no haya di\u00e1logo sino que de los intercambios y debates que ya estamos teniendo los mostremos hacia afuera. Esto resulta m\u00e1s rico y m\u00e1s real. Por eso\u00a0 nos referimos a conversatorios reales.<\/p><p>En un mediano plazo est\u00e1 la idea tambi\u00e9n de realizar el documental que estaba proyectado.<\/p>\t\t\t\t\t\t\t\t<\/div>\n\t\t\t\t<\/div>\n\t\t\t\t\t<\/div>\n\t\t<\/div>\n\t\t\t\t\t<\/div>\n\t\t<\/section>\n\t\t\t\t<\/div>\n\t\t","protected":false},"excerpt":{"rendered":"<p>PROYECTO \u00bfCu\u00e1les son los objetivos generales que se pretenden conseguir con el REDes? La conformaci\u00f3n de una red que trabaje complejidad e interdisciplina en diferentes l\u00edneas de investigaci\u00f3n sobre el tema trabajo en el \u00e1mbito regional latinoamericano. \u00bfCu\u00e1les son los objetivos concretos que se pretenden conseguir con la creaci\u00f3n de una nueva web para el [&hellip;]<\/p>\n","protected":false},"author":1,"featured_media":0,"parent":10,"menu_order":2,"comment_status":"closed","ping_status":"closed","template":"","meta":{"footnotes":""},"class_list":["post-24","page","type-page","status-publish","hentry"],"_links":{"self":[{"href":"https:\/\/redespaciodetrabajo.udelar.edu.uy\/index.php?rest_route=\/wp\/v2\/pages\/24","targetHints":{"allow":["GET"]}}],"collection":[{"href":"https:\/\/redespaciodetrabajo.udelar.edu.uy\/index.php?rest_route=\/wp\/v2\/pages"}],"about":[{"href":"https:\/\/redespaciodetrabajo.udelar.edu.uy\/index.php?rest_route=\/wp\/v2\/types\/page"}],"author":[{"embeddable":true,"href":"https:\/\/redespaciodetrabajo.udelar.edu.uy\/index.php?rest_route=\/wp\/v2\/users\/1"}],"replies":[{"embeddable":true,"href":"https:\/\/redespaciodetrabajo.udelar.edu.uy\/index.php?rest_route=%2Fwp%2Fv2%2Fcomments&post=24"}],"version-history":[{"count":4,"href":"https:\/\/redespaciodetrabajo.udelar.edu.uy\/index.php?rest_route=\/wp\/v2\/pages\/24\/revisions"}],"predecessor-version":[{"id":200,"href":"https:\/\/redespaciodetrabajo.udelar.edu.uy\/index.php?rest_route=\/wp\/v2\/pages\/24\/revisions\/200"}],"up":[{"embeddable":true,"href":"https:\/\/redespaciodetrabajo.udelar.edu.uy\/index.php?rest_route=\/wp\/v2\/pages\/10"}],"wp:attachment":[{"href":"https:\/\/redespaciodetrabajo.udelar.edu.uy\/index.php?rest_route=%2Fwp%2Fv2%2Fmedia&parent=24"}],"curies":[{"name":"wp","href":"https:\/\/api.w.org\/{rel}","templated":true}]}}