{"id":236,"date":"2024-02-22T04:03:37","date_gmt":"2024-02-22T04:03:37","guid":{"rendered":"https:\/\/redespaciodetrabajo.udelar.edu.uy\/?page_id=236"},"modified":"2024-02-22T04:21:53","modified_gmt":"2024-02-22T04:21:53","slug":"3o-bitacora-2022","status":"publish","type":"page","link":"https:\/\/redespaciodetrabajo.udelar.edu.uy\/?page_id=236","title":{"rendered":"3\u00ba Bit\u00e1cora (2022)"},"content":{"rendered":"\t\t<div data-elementor-type=\"wp-page\" data-elementor-id=\"236\" class=\"elementor elementor-236\">\n\t\t\t\t\t\t<section class=\"elementor-section elementor-top-section elementor-element elementor-element-a427c53 elementor-section-boxed elementor-section-height-default elementor-section-height-default\" data-id=\"a427c53\" data-element_type=\"section\" data-e-type=\"section\">\n\t\t\t\t\t\t<div class=\"elementor-container elementor-column-gap-default\">\n\t\t\t\t\t<div class=\"elementor-column elementor-col-100 elementor-top-column elementor-element elementor-element-05f85c3\" data-id=\"05f85c3\" data-element_type=\"column\" data-e-type=\"column\">\n\t\t\t<div class=\"elementor-widget-wrap elementor-element-populated\">\n\t\t\t\t\t\t\t<\/div>\n\t\t<\/div>\n\t\t\t\t\t<\/div>\n\t\t<\/section>\n\t\t\t\t<section class=\"elementor-section elementor-top-section elementor-element elementor-element-1096f76 elementor-section-boxed elementor-section-height-default elementor-section-height-default\" data-id=\"1096f76\" data-element_type=\"section\" data-e-type=\"section\">\n\t\t\t\t\t\t<div class=\"elementor-container elementor-column-gap-default\">\n\t\t\t\t\t<div class=\"elementor-column elementor-col-50 elementor-top-column elementor-element elementor-element-79fbe7c\" data-id=\"79fbe7c\" data-element_type=\"column\" data-e-type=\"column\">\n\t\t\t<div class=\"elementor-widget-wrap elementor-element-populated\">\n\t\t\t\t\t\t<div class=\"elementor-element elementor-element-1c0ec56 elementor-widget elementor-widget-image\" data-id=\"1c0ec56\" data-element_type=\"widget\" data-e-type=\"widget\" data-widget_type=\"image.default\">\n\t\t\t\t<div class=\"elementor-widget-container\">\n\t\t\t\t\t\t\t\t\t\t\t\t\t\t\t<img decoding=\"async\" width=\"150\" height=\"150\" src=\"https:\/\/redespaciodetrabajo.udelar.edu.uy\/wp-content\/uploads\/2023\/05\/logo-Espacio-150x150.jpg\" class=\"attachment-thumbnail size-thumbnail wp-image-194\" alt=\"\" \/>\t\t\t\t\t\t\t\t\t\t\t\t\t\t\t<\/div>\n\t\t\t\t<\/div>\n\t\t\t\t<div class=\"elementor-element elementor-element-12b990e elementor-widget__width-initial elementor-widget elementor-widget-text-editor\" data-id=\"12b990e\" data-element_type=\"widget\" data-e-type=\"widget\" data-widget_type=\"text-editor.default\">\n\t\t\t\t<div class=\"elementor-widget-container\">\n\t\t\t\t\t\t\t\t\t<p><strong>Bit\u00e1cora REDesp <\/strong><\/p><p>A\u00f1o III\u00a0\u00a0\u00a0\u00a0\u00a0\u00a0\u00a0\u00a0\u00a0\u00a0\u00a0\u00a0\u00a0\u00a0\u00a0\u00a0\u00a0\u00a0\u00a0\u00a0\u00a0\u00a0\u00a0\u00a0\u00a0\u00a0\u00a0\u00a0\u00a0\u00a0\u00a0\u00a0\u00a0\u00a0\u00a0\u00a0\u00a0\u00a0\u00a0\u00a0\u00a0\u00a0\u00a0\u00a0\u00a0\u00a0\u00a0\u00a0\u00a0\u00a0\u00a0\u00a0\u00a0\u00a0\u00a0\u00a0\u00a0\u00a0\u00a0\u00a0\u00a0 \u00a0\u00a0\u00a0\u00a0\u00a0\u00a0\u00a0<\/p><p>Montevideo, 18 de junio de 2022.<\/p><p>La presente bit\u00e1cora es para dejar constancia de los avances que se han producido en la configuraci\u00f3n de Espacio de Trabajo en una red. La Red Espacio de Trabajo (REDes) estuvo trabajando en distintos ejes.<\/p><p>Plataformas y Rurales fueron las l\u00edneas de investigaci\u00f3n que se fueron trabajando desde las l\u00edneas fijas de investigaci\u00f3n: salud y negociaci\u00f3n colectiva con enfoque interdisciplinario.<\/p><p><strong>Proyectos.<\/strong> Las REDes trabajo en proyectos de Extensi\u00f3n\/Investigaci\u00f3n sobre rurales l\u00ednea que surge de las reuniones de derecho comparado que se realizaron durante el a\u00f1o 2020. En diciembre de ese a\u00f1o se aprueban proyectos en tal sentido uno de los cuales subsiste y tiene como campo la violencia y la libertad sindical.<\/p><p>El trabajo en plataformas ha tenido diferentes aproximaciones desde el campo de la salud laboral b\u00e1sicamente.<\/p>\t\t\t\t\t\t\t\t<\/div>\n\t\t\t\t<\/div>\n\t\t\t\t\t<\/div>\n\t\t<\/div>\n\t\t\t\t<div class=\"elementor-column elementor-col-50 elementor-top-column elementor-element elementor-element-8b7169b\" data-id=\"8b7169b\" data-element_type=\"column\" data-e-type=\"column\">\n\t\t\t<div class=\"elementor-widget-wrap elementor-element-populated\">\n\t\t\t\t\t\t<div class=\"elementor-element elementor-element-8e43bf8 elementor-widget elementor-widget-text-editor\" data-id=\"8e43bf8\" data-element_type=\"widget\" data-e-type=\"widget\" data-widget_type=\"text-editor.default\">\n\t\t\t\t<div class=\"elementor-widget-container\">\n\t\t\t\t\t\t\t\t\t<p>Se comienza con investigaci\u00f3n en la l\u00ednea de negociaci\u00f3n colectiva que atiende el debilitamiento a partir de los cambios tecnol\u00f3gicos organizacionales.<\/p><p>Aqu\u00ed se comenzar\u00e1 con una investigaci\u00f3n que atender\u00e1 la negociaci\u00f3n colectiva especialmente y el desarrollo estar\u00e1 orientado a trabajar tanto salud ocupacional como libertad sindical.<\/p><p><strong>Comunicaci\u00f3n.<\/strong> En cuanto al medio de comunicaci\u00f3n que pretendemos tener: seguimos apostando a la p\u00e1gina web que ahora tiene el dominio de central de la Universidad de la Rep\u00fablica (UdelaR, Uruguay).<\/p><p>Se est\u00e1n por crear comisiones que atiendan a la p\u00e1gina y su mantenimiento tanto en puesta al d\u00eda como contenidos.<\/p><p>El trabajo comunicacional ya fue terminado. As\u00ed como tambi\u00e9n el\u00a0 dise\u00f1o de la p\u00e1gina web.<\/p><p><strong>Reuniones.<\/strong> Pronto pasaremos de las reuniones por zoom y por equipo a las reuniones presenciales una vez por mes en lo que respecta al trabajo en red en Uruguay y en cada proyecto con la periodicidad que cada equipo determine para el cumplimiento de sus fines.\u00a0<\/p><p><strong>Convocatoria general.<\/strong> Por otra parte se convocar\u00e1 a la red en su totalidad: espacio estudiantes (semillero), egresados y docentes de todos los pa\u00edses que la integran en convocatoria especial en fecha pr\u00f3xima.<\/p>\t\t\t\t\t\t\t\t<\/div>\n\t\t\t\t<\/div>\n\t\t\t\t\t<\/div>\n\t\t<\/div>\n\t\t\t\t\t<\/div>\n\t\t<\/section>\n\t\t\t\t<\/div>\n\t\t","protected":false},"excerpt":{"rendered":"<p>Bit\u00e1cora REDesp A\u00f1o III\u00a0\u00a0\u00a0\u00a0\u00a0\u00a0\u00a0\u00a0\u00a0\u00a0\u00a0\u00a0\u00a0\u00a0\u00a0\u00a0\u00a0\u00a0\u00a0\u00a0\u00a0\u00a0\u00a0\u00a0\u00a0\u00a0\u00a0\u00a0\u00a0\u00a0\u00a0\u00a0\u00a0\u00a0\u00a0\u00a0\u00a0\u00a0\u00a0\u00a0\u00a0\u00a0\u00a0\u00a0\u00a0\u00a0\u00a0\u00a0\u00a0\u00a0\u00a0\u00a0\u00a0\u00a0\u00a0\u00a0\u00a0\u00a0\u00a0\u00a0\u00a0 \u00a0\u00a0\u00a0\u00a0\u00a0\u00a0\u00a0 Montevideo, 18 de junio de 2022. La presente bit\u00e1cora es para dejar constancia de los avances que se han producido en la configuraci\u00f3n de Espacio de Trabajo en una red. La Red Espacio de Trabajo (REDes) estuvo trabajando en distintos ejes. Plataformas y Rurales fueron las l\u00edneas de investigaci\u00f3n que [&hellip;]<\/p>\n","protected":false},"author":1,"featured_media":0,"parent":12,"menu_order":0,"comment_status":"closed","ping_status":"closed","template":"","meta":{"footnotes":""},"class_list":["post-236","page","type-page","status-publish","hentry"],"_links":{"self":[{"href":"https:\/\/redespaciodetrabajo.udelar.edu.uy\/index.php?rest_route=\/wp\/v2\/pages\/236","targetHints":{"allow":["GET"]}}],"collection":[{"href":"https:\/\/redespaciodetrabajo.udelar.edu.uy\/index.php?rest_route=\/wp\/v2\/pages"}],"about":[{"href":"https:\/\/redespaciodetrabajo.udelar.edu.uy\/index.php?rest_route=\/wp\/v2\/types\/page"}],"author":[{"embeddable":true,"href":"https:\/\/redespaciodetrabajo.udelar.edu.uy\/index.php?rest_route=\/wp\/v2\/users\/1"}],"replies":[{"embeddable":true,"href":"https:\/\/redespaciodetrabajo.udelar.edu.uy\/index.php?rest_route=%2Fwp%2Fv2%2Fcomments&post=236"}],"version-history":[{"count":9,"href":"https:\/\/redespaciodetrabajo.udelar.edu.uy\/index.php?rest_route=\/wp\/v2\/pages\/236\/revisions"}],"predecessor-version":[{"id":260,"href":"https:\/\/redespaciodetrabajo.udelar.edu.uy\/index.php?rest_route=\/wp\/v2\/pages\/236\/revisions\/260"}],"up":[{"embeddable":true,"href":"https:\/\/redespaciodetrabajo.udelar.edu.uy\/index.php?rest_route=\/wp\/v2\/pages\/12"}],"wp:attachment":[{"href":"https:\/\/redespaciodetrabajo.udelar.edu.uy\/index.php?rest_route=%2Fwp%2Fv2%2Fmedia&parent=236"}],"curies":[{"name":"wp","href":"https:\/\/api.w.org\/{rel}","templated":true}]}}