{"id":231,"date":"2024-02-22T03:58:02","date_gmt":"2024-02-22T03:58:02","guid":{"rendered":"https:\/\/redespaciodetrabajo.udelar.edu.uy\/?page_id=231"},"modified":"2024-02-22T04:01:58","modified_gmt":"2024-02-22T04:01:58","slug":"2o-bitacora-2021","status":"publish","type":"page","link":"https:\/\/redespaciodetrabajo.udelar.edu.uy\/?page_id=231","title":{"rendered":"2\u00ba Bit\u00e1cora (2021)"},"content":{"rendered":"\t\t<div data-elementor-type=\"wp-page\" data-elementor-id=\"231\" class=\"elementor elementor-231\">\n\t\t\t\t\t\t<section class=\"elementor-section elementor-top-section elementor-element elementor-element-50e1f5e elementor-section-boxed elementor-section-height-default elementor-section-height-default\" data-id=\"50e1f5e\" data-element_type=\"section\" data-e-type=\"section\">\n\t\t\t\t\t\t<div class=\"elementor-container elementor-column-gap-default\">\n\t\t\t\t\t<div class=\"elementor-column elementor-col-100 elementor-top-column elementor-element elementor-element-138e80b\" data-id=\"138e80b\" data-element_type=\"column\" data-e-type=\"column\">\n\t\t\t<div class=\"elementor-widget-wrap elementor-element-populated\">\n\t\t\t\t\t\t<div class=\"elementor-element elementor-element-f4a8876 elementor-widget elementor-widget-image\" data-id=\"f4a8876\" data-element_type=\"widget\" data-e-type=\"widget\" data-widget_type=\"image.default\">\n\t\t\t\t<div class=\"elementor-widget-container\">\n\t\t\t\t\t\t\t\t\t\t\t\t\t\t\t<img decoding=\"async\" width=\"150\" height=\"150\" src=\"https:\/\/redespaciodetrabajo.udelar.edu.uy\/wp-content\/uploads\/2023\/05\/logo-Espacio-150x150.jpg\" class=\"attachment-thumbnail size-thumbnail wp-image-194\" alt=\"\" \/>\t\t\t\t\t\t\t\t\t\t\t\t\t\t\t<\/div>\n\t\t\t\t<\/div>\n\t\t\t\t\t<\/div>\n\t\t<\/div>\n\t\t\t\t\t<\/div>\n\t\t<\/section>\n\t\t\t\t<section class=\"elementor-section elementor-top-section elementor-element elementor-element-8d3625e elementor-section-boxed elementor-section-height-default elementor-section-height-default\" data-id=\"8d3625e\" data-element_type=\"section\" data-e-type=\"section\">\n\t\t\t\t\t\t<div class=\"elementor-container elementor-column-gap-default\">\n\t\t\t\t\t<div class=\"elementor-column elementor-col-100 elementor-top-column elementor-element elementor-element-feabd48\" data-id=\"feabd48\" data-element_type=\"column\" data-e-type=\"column\">\n\t\t\t<div class=\"elementor-widget-wrap elementor-element-populated\">\n\t\t\t\t\t\t<div class=\"elementor-element elementor-element-7ef064b elementor-widget elementor-widget-text-editor\" data-id=\"7ef064b\" data-element_type=\"widget\" data-e-type=\"widget\" data-widget_type=\"text-editor.default\">\n\t\t\t\t<div class=\"elementor-widget-container\">\n\t\t\t\t\t\t\t\t\t<p><strong>\u00a0<\/strong><\/p><p><strong>Espacio de Trabajo<\/strong><\/p><p><strong>\u00a0\u00a0\u00a0\u00a0\u00a0\u00a0\u00a0\u00a0\u00a0\u00a0\u00a0\u00a0\u00a0\u00a0\u00a0\u00a0 Red de Investigaci\u00f3n<\/strong><\/p><p><strong>\u00a0<\/strong><\/p><p><strong>Bitacora <\/strong><\/p><p><strong>A\u00f1o II, 2021<\/strong><\/p><p><strong>L\u00edneas en l\u00ednea<\/strong><\/p><p>\u00a0<\/p><p>\u00a0<\/p><p><strong>Redes en Red<\/strong><\/p><p>\u00a0<\/p><p><strong>\u00a0<\/strong><\/p><p><strong>L\u00edneas de investigaci\u00f3n<\/strong><\/p><p>Las dos grandes l\u00edneas de investigaci\u00f3n en Espacio de Trabajo se transformaron en tres:<\/p><p>Estas l\u00edneas macro son las siguientes: Solidaridad y Salud en el Trabajo. En la l\u00ednea solidaridad se encuentra la solidaridad\/lo colectivo que emana del colectivo. En origen del colectivo, en lo colectivo desde lo sindical, lo gremial y los movimientos sociales.\u00a0<\/p><p>La l\u00ednea de la solidaridad abre otra l\u00ednea dentro suyo que es la Solidaridad\/Estado, cuando es el Estado el que se hace cargo de esa solidaridad. Esta fue quedando paralizada con el transcurso del tiempo porque salud adquiri\u00f3 la mayor importancia en ese momento.<\/p><p>La l\u00ednea que en definitiva m\u00e1s se desarrollo fue la L\u00ednea Salud en el Trabajo.<\/p><p>Esta idea es la que trabajamos en estos momentos como l\u00edneas en l\u00ednea.<\/p><p><strong>\u00a0<\/strong><\/p><p><strong>En la l\u00ednea Salud en el Trabajo trabajaron: <\/strong><\/p><p>Fernando Tomasina<\/p><p>Silvia Korinfeld<\/p><p>Adriana Rodr\u00edguez<\/p><p>Daniela Favier<\/p><p>Marcela Cabral<\/p><p>Ivonne Cancela<\/p><p>Patricia Fernandes Da Silva<\/p><p>Valentina D\u2019Amore<\/p><p>Mar\u00eda del Carmen Berutti<\/p><p>Gabriela Fern\u00e1ndez<\/p><p>Se interact\u00fao en dos modalidades existe un grupo constituido en WPP (Whats App) por cada una de las l\u00edneas. Y reuniones v\u00eda: Zoom y Skype hasta el momento.<\/p><p>Adem\u00e1s de las l\u00edneas est\u00e1 la estructura con un grupo central: Espacio de Trabajo que en en ese a\u00f1o funcion\u00f3 como ese grupo que trabaja la interdisciplina amalgam\u00e1ndose en la Filosof\u00eda especialmente.<\/p><p>Y luego funcionan tambi\u00e9n en red, esto es porque ya los grupos quedaron compuestos con integrantes de distintas redes. Estos tienen intercambios permanentes pero en funci\u00f3n de consignas muy precisas.<\/p><p><strong>Grupo L\u00ednea Salud en el Trabajo. <\/strong><\/p><p>Se realiz\u00f3 trabajo con el colectivo de SINUREP para proporcionarles protocolos de actuaci\u00f3n para su trabajo. Se creo un sem\u00e1foro sanitario. Este trabajo estuvo a cargo de Derecho y Salud Ocupacional. Especialmente: Sebasti\u00e1n Giuffrida, Fernando Tomasina, Ana Sotelo.<\/p><p>El impacto del riesgo biol\u00f3gico (COVID 19 como zoonosis) y en los riesgos psicosociales y a la inversa.\u00a0 Se trata de seguir encuadrando el estudio desde las distintas disciplinas que componen la salud laboral por eso el equipo es multidisciplinario. Aunque parte del equipo ya es interdisciplinario por provenir del trabajo en la Red Acad\u00e9mica de Trabajo.<\/p><p><strong>Otras colaboraciones:<\/strong><\/p><p>Por otra parte, \u00a0en este tiempo se ha obtenido la colaboraci\u00f3n de docentes de las siguientes universidades con diferente tipo de actividad:<\/p><p>Eduardo Caama\u00f1o Rojo, Universidad Pontificia de Valpara\u00edso, Jaddy Guevara, Universidad Pontificia de Per\u00fa, \u00a0Nora Urbina, Universidad de San Carlos de Guatemala, Ver\u00f3nica Vidal, Adriana Rodr\u00edguez, Silvia Korinfeld, Universidad de Buenos Aires, Daniela Favier Universidad Nacional de Cuyo, Alberto Torres, Universidad Libre de Colombia.<\/p><p>Los aportes a estas redes en red provienen en algunos casos de grupos de trabajo y de investigaci\u00f3n ya instalados como proyecto Red El Colibr\u00ed (lo que sumar\u00eda a Uruguay, Chile y Argentina).<\/p><p style=\"text-align: left;\">Ana Sotelo M\u00e1rquez<\/p><p style=\"text-align: left;\"><strong>Coordinaci\u00f3n y tutor\u00edas<\/strong><\/p><p style=\"text-align: left;\"><strong>Red Espacio de Trabajo\u00a0\u00a0\u00a0\u00a0\u00a0\u00a0\u00a0\u00a0\u00a0\u00a0\u00a0\u00a0\u00a0\u00a0\u00a0\u00a0\u00a0\u00a0\u00a0\u00a0\u00a0\u00a0\u00a0\u00a0\u00a0\u00a0\u00a0\u00a0\u00a0\u00a0\u00a0\u00a0\u00a0\u00a0\u00a0\u00a0\u00a0\u00a0\u00a0\u00a0\u00a0\u00a0\u00a0\u00a0\u00a0 <\/strong>\u00a0\u00a0\u00a0\u00a0\u00a0\u00a0\u00a0\u00a0\u00a0\u00a0\u00a0\u00a0\u00a0\u00a0\u00a0\u00a0\u00a0\u00a0\u00a0\u00a0\u00a0\u00a0\u00a0\u00a0\u00a0\u00a0\u00a0\u00a0\u00a0\u00a0\u00a0\u00a0\u00a0\u00a0\u00a0\u00a0\u00a0\u00a0\u00a0\u00a0\u00a0\u00a0\u00a0<\/p><p>Montevideo,\u00a0 2 de abril de 2021.<\/p>\t\t\t\t\t\t\t\t<\/div>\n\t\t\t\t<\/div>\n\t\t\t\t\t<\/div>\n\t\t<\/div>\n\t\t\t\t\t<\/div>\n\t\t<\/section>\n\t\t\t\t<\/div>\n\t\t","protected":false},"excerpt":{"rendered":"<p>\u00a0 Espacio de Trabajo \u00a0\u00a0\u00a0\u00a0\u00a0\u00a0\u00a0\u00a0\u00a0\u00a0\u00a0\u00a0\u00a0\u00a0\u00a0\u00a0 Red de Investigaci\u00f3n \u00a0 Bitacora A\u00f1o II, 2021 L\u00edneas en l\u00ednea \u00a0 \u00a0 Redes en Red \u00a0 \u00a0 L\u00edneas de investigaci\u00f3n Las dos grandes l\u00edneas de investigaci\u00f3n en Espacio de Trabajo se transformaron en tres: Estas l\u00edneas macro son las siguientes: Solidaridad y Salud en el Trabajo. En la l\u00ednea [&hellip;]<\/p>\n","protected":false},"author":1,"featured_media":0,"parent":12,"menu_order":0,"comment_status":"closed","ping_status":"closed","template":"","meta":{"footnotes":""},"class_list":["post-231","page","type-page","status-publish","hentry"],"_links":{"self":[{"href":"https:\/\/redespaciodetrabajo.udelar.edu.uy\/index.php?rest_route=\/wp\/v2\/pages\/231","targetHints":{"allow":["GET"]}}],"collection":[{"href":"https:\/\/redespaciodetrabajo.udelar.edu.uy\/index.php?rest_route=\/wp\/v2\/pages"}],"about":[{"href":"https:\/\/redespaciodetrabajo.udelar.edu.uy\/index.php?rest_route=\/wp\/v2\/types\/page"}],"author":[{"embeddable":true,"href":"https:\/\/redespaciodetrabajo.udelar.edu.uy\/index.php?rest_route=\/wp\/v2\/users\/1"}],"replies":[{"embeddable":true,"href":"https:\/\/redespaciodetrabajo.udelar.edu.uy\/index.php?rest_route=%2Fwp%2Fv2%2Fcomments&post=231"}],"version-history":[{"count":4,"href":"https:\/\/redespaciodetrabajo.udelar.edu.uy\/index.php?rest_route=\/wp\/v2\/pages\/231\/revisions"}],"predecessor-version":[{"id":235,"href":"https:\/\/redespaciodetrabajo.udelar.edu.uy\/index.php?rest_route=\/wp\/v2\/pages\/231\/revisions\/235"}],"up":[{"embeddable":true,"href":"https:\/\/redespaciodetrabajo.udelar.edu.uy\/index.php?rest_route=\/wp\/v2\/pages\/12"}],"wp:attachment":[{"href":"https:\/\/redespaciodetrabajo.udelar.edu.uy\/index.php?rest_route=%2Fwp%2Fv2%2Fmedia&parent=231"}],"curies":[{"name":"wp","href":"https:\/\/api.w.org\/{rel}","templated":true}]}}