{"id":22,"date":"2021-08-21T11:27:42","date_gmt":"2021-08-21T11:27:42","guid":{"rendered":"https:\/\/redespaciodetrabajo.udelar.edu.uy\/?page_id=22"},"modified":"2024-02-26T23:43:48","modified_gmt":"2024-02-26T23:43:48","slug":"equipo","status":"publish","type":"page","link":"https:\/\/redespaciodetrabajo.udelar.edu.uy\/?page_id=22","title":{"rendered":"Equipo"},"content":{"rendered":"\t\t<div data-elementor-type=\"wp-page\" data-elementor-id=\"22\" class=\"elementor elementor-22\">\n\t\t\t\t\t\t<section class=\"elementor-section elementor-top-section elementor-element elementor-element-c2b81ce elementor-section-boxed elementor-section-height-default elementor-section-height-default\" data-id=\"c2b81ce\" data-element_type=\"section\" data-e-type=\"section\">\n\t\t\t\t\t\t<div class=\"elementor-container elementor-column-gap-default\">\n\t\t\t\t\t<div class=\"elementor-column elementor-col-100 elementor-top-column elementor-element elementor-element-e9ddb78\" data-id=\"e9ddb78\" data-element_type=\"column\" data-e-type=\"column\">\n\t\t\t<div class=\"elementor-widget-wrap elementor-element-populated\">\n\t\t\t\t\t\t<div class=\"elementor-element elementor-element-ff1979e elementor-widget elementor-widget-image\" data-id=\"ff1979e\" data-element_type=\"widget\" data-e-type=\"widget\" data-widget_type=\"image.default\">\n\t\t\t\t<div class=\"elementor-widget-container\">\n\t\t\t\t\t\t\t\t\t\t\t\t\t\t\t<img decoding=\"async\" width=\"150\" height=\"150\" src=\"https:\/\/redespaciodetrabajo.udelar.edu.uy\/wp-content\/uploads\/2023\/05\/logo-Espacio-150x150.jpg\" class=\"attachment-thumbnail size-thumbnail wp-image-194\" alt=\"\" \/>\t\t\t\t\t\t\t\t\t\t\t\t\t\t\t<\/div>\n\t\t\t\t<\/div>\n\t\t\t\t\t<\/div>\n\t\t<\/div>\n\t\t\t\t\t<\/div>\n\t\t<\/section>\n\t\t\t\t<section class=\"elementor-section elementor-top-section elementor-element elementor-element-dafcc12 elementor-section-boxed elementor-section-height-default elementor-section-height-default\" data-id=\"dafcc12\" data-element_type=\"section\" data-e-type=\"section\">\n\t\t\t\t\t\t<div class=\"elementor-container elementor-column-gap-default\">\n\t\t\t\t\t<div class=\"elementor-column elementor-col-50 elementor-top-column elementor-element elementor-element-46572fe\" data-id=\"46572fe\" data-element_type=\"column\" data-e-type=\"column\">\n\t\t\t<div class=\"elementor-widget-wrap elementor-element-populated\">\n\t\t\t\t\t\t<div class=\"elementor-element elementor-element-aa3ad89 elementor-widget__width-initial elementor-widget elementor-widget-text-editor\" data-id=\"aa3ad89\" data-element_type=\"widget\" data-e-type=\"widget\" data-widget_type=\"text-editor.default\">\n\t\t\t\t<div class=\"elementor-widget-container\">\n\t\t\t\t\t\t\t\t\t<p><strong>Integrantes de Red Espacio de Trabajo (REDes)<\/strong><\/p><p>Los integrantes de la Red Espacio de Trabajo (REDes) son:<\/p><p><strong>En Uruguay<\/strong><\/p><p>Ana Mar\u00eda Araujo (UdelaR)<\/p><p>Mar\u00eda Josefina Pl\u00e1 (UdelaR)<\/p><p>Fernando Tomasina (UdelaR)<\/p><p>Ivonne Cancela (UdelaR)<\/p><p>Marcela Cabral (UdelaR)<\/p><p>Mat\u00edas Carrasco (UdelaR)<\/p><p>Cristina Mansilla (UdelaR)<\/p><p>Jimena Ruy L\u00f3pez<\/p><p>Fabi\u00e1n Pita<\/p><p>Manuel Planelles<\/p><p>Gonzalo Ubilla (UdelaR)<\/p><p>Mirelle Bonora (UdelaR)<\/p><p>Patricia Ribero (UdelaR)<\/p><p>Sebasti\u00e1n Giuffrida (UdelaR)<\/p><p>Santiago Ferreira (UdelaR)<\/p><p>Fernando G\u00f3mez (UdelaR)<\/p><p>Santiago De Los Reyes (UdelaR)<\/p>\t\t\t\t\t\t\t\t<\/div>\n\t\t\t\t<\/div>\n\t\t\t\t\t<\/div>\n\t\t<\/div>\n\t\t\t\t<div class=\"elementor-column elementor-col-50 elementor-top-column elementor-element elementor-element-e1647e1\" data-id=\"e1647e1\" data-element_type=\"column\" data-e-type=\"column\">\n\t\t\t<div class=\"elementor-widget-wrap elementor-element-populated\">\n\t\t\t\t\t\t<div class=\"elementor-element elementor-element-ea9c78a elementor-widget elementor-widget-text-editor\" data-id=\"ea9c78a\" data-element_type=\"widget\" data-e-type=\"widget\" data-widget_type=\"text-editor.default\">\n\t\t\t\t<div class=\"elementor-widget-container\">\n\t\t\t\t\t\t\t\t\t<p>Victoria Collazo<\/p><p>Valentina Verd\u00edas<\/p><p>Maite V\u00e1zquez<\/p><p><strong>En Am\u00e9rica Latina<\/strong><\/p><p>Eduardo Caama\u00f1o (Universidad de Valpara\u00edso)<\/p><p>Miguel Acu\u00f1a (Universidad de Atacama)<\/p><p>Silvia Korinfeld (Universidad de Buenos Aires)<\/p><p>Benjam\u00edn Ben\u00edtez (Universidad de San Carlos de Guatemala)<\/p><p>Jaddy Ladr\u00f3n De Guevara (Universidad Pontificia Cat\u00f3lica de Per\u00fa)<\/p><p>Daniela Favier (Universidad de Mendoza)<\/p><p>Alberto Torres (Universidad Libre de Colombia)<\/p><p>Adriana Rodr\u00edguez (Instituto de Derecho del Trabajo de Quilmes)<\/p><p>Andrea Su\u00e1rez Mestre (Universidad de Buenos Aires)<\/p><p>Ver\u00f3nica Vidal (Universidad de Buenos Aires)<\/p><p>Coordinadora: Ana Sotelo M\u00e1rquez<\/p>\t\t\t\t\t\t\t\t<\/div>\n\t\t\t\t<\/div>\n\t\t\t\t\t<\/div>\n\t\t<\/div>\n\t\t\t\t\t<\/div>\n\t\t<\/section>\n\t\t\t\t<\/div>\n\t\t","protected":false},"excerpt":{"rendered":"<p>Integrantes de Red Espacio de Trabajo (REDes) Los integrantes de la Red Espacio de Trabajo (REDes) son: En Uruguay Ana Mar\u00eda Araujo (UdelaR) Mar\u00eda Josefina Pl\u00e1 (UdelaR) Fernando Tomasina (UdelaR) Ivonne Cancela (UdelaR) Marcela Cabral (UdelaR) Mat\u00edas Carrasco (UdelaR) Cristina Mansilla (UdelaR) Jimena Ruy L\u00f3pez Fabi\u00e1n Pita Manuel Planelles Gonzalo Ubilla (UdelaR) Mirelle Bonora (UdelaR) [&hellip;]<\/p>\n","protected":false},"author":1,"featured_media":0,"parent":10,"menu_order":2,"comment_status":"closed","ping_status":"closed","template":"","meta":{"footnotes":""},"class_list":["post-22","page","type-page","status-publish","hentry"],"_links":{"self":[{"href":"https:\/\/redespaciodetrabajo.udelar.edu.uy\/index.php?rest_route=\/wp\/v2\/pages\/22","targetHints":{"allow":["GET"]}}],"collection":[{"href":"https:\/\/redespaciodetrabajo.udelar.edu.uy\/index.php?rest_route=\/wp\/v2\/pages"}],"about":[{"href":"https:\/\/redespaciodetrabajo.udelar.edu.uy\/index.php?rest_route=\/wp\/v2\/types\/page"}],"author":[{"embeddable":true,"href":"https:\/\/redespaciodetrabajo.udelar.edu.uy\/index.php?rest_route=\/wp\/v2\/users\/1"}],"replies":[{"embeddable":true,"href":"https:\/\/redespaciodetrabajo.udelar.edu.uy\/index.php?rest_route=%2Fwp%2Fv2%2Fcomments&post=22"}],"version-history":[{"count":7,"href":"https:\/\/redespaciodetrabajo.udelar.edu.uy\/index.php?rest_route=\/wp\/v2\/pages\/22\/revisions"}],"predecessor-version":[{"id":301,"href":"https:\/\/redespaciodetrabajo.udelar.edu.uy\/index.php?rest_route=\/wp\/v2\/pages\/22\/revisions\/301"}],"up":[{"embeddable":true,"href":"https:\/\/redespaciodetrabajo.udelar.edu.uy\/index.php?rest_route=\/wp\/v2\/pages\/10"}],"wp:attachment":[{"href":"https:\/\/redespaciodetrabajo.udelar.edu.uy\/index.php?rest_route=%2Fwp%2Fv2%2Fmedia&parent=22"}],"curies":[{"name":"wp","href":"https:\/\/api.w.org\/{rel}","templated":true}]}}