{"id":130,"date":"2022-10-16T17:56:53","date_gmt":"2022-10-16T17:56:53","guid":{"rendered":"https:\/\/redespaciodetrabajo.udelar.edu.uy\/?page_id=130"},"modified":"2024-02-22T03:56:45","modified_gmt":"2024-02-22T03:56:45","slug":"1o-bitacora","status":"publish","type":"page","link":"https:\/\/redespaciodetrabajo.udelar.edu.uy\/?page_id=130","title":{"rendered":"1\u00ba Bit\u00e1cora (2020)"},"content":{"rendered":"\t\t<div data-elementor-type=\"wp-page\" data-elementor-id=\"130\" class=\"elementor elementor-130\">\n\t\t\t\t\t\t<section class=\"elementor-section elementor-top-section elementor-element elementor-element-3a121c6 elementor-section-boxed elementor-section-height-default elementor-section-height-default\" data-id=\"3a121c6\" data-element_type=\"section\" data-e-type=\"section\">\n\t\t\t\t\t\t<div class=\"elementor-container elementor-column-gap-default\">\n\t\t\t\t\t<div class=\"elementor-column elementor-col-100 elementor-top-column elementor-element elementor-element-91a9fa1\" data-id=\"91a9fa1\" data-element_type=\"column\" data-e-type=\"column\">\n\t\t\t<div class=\"elementor-widget-wrap elementor-element-populated\">\n\t\t\t\t\t\t<div class=\"elementor-element elementor-element-619dc5c elementor-widget elementor-widget-image\" data-id=\"619dc5c\" data-element_type=\"widget\" data-e-type=\"widget\" data-widget_type=\"image.default\">\n\t\t\t\t<div class=\"elementor-widget-container\">\n\t\t\t\t\t\t\t\t\t\t\t\t\t\t\t<img decoding=\"async\" width=\"150\" height=\"150\" src=\"https:\/\/redespaciodetrabajo.udelar.edu.uy\/wp-content\/uploads\/2023\/05\/logo-Espacio-150x150.jpg\" class=\"attachment-thumbnail size-thumbnail wp-image-194\" alt=\"\" \/>\t\t\t\t\t\t\t\t\t\t\t\t\t\t\t<\/div>\n\t\t\t\t<\/div>\n\t\t\t\t\t<\/div>\n\t\t<\/div>\n\t\t\t\t\t<\/div>\n\t\t<\/section>\n\t\t\t\t<section class=\"elementor-section elementor-top-section elementor-element elementor-element-f470c29 elementor-section-boxed elementor-section-height-default elementor-section-height-default\" data-id=\"f470c29\" data-element_type=\"section\" data-e-type=\"section\">\n\t\t\t\t\t\t<div class=\"elementor-container elementor-column-gap-default\">\n\t\t\t\t\t<div class=\"elementor-column elementor-col-100 elementor-top-column elementor-element elementor-element-ebf6dbf\" data-id=\"ebf6dbf\" data-element_type=\"column\" data-e-type=\"column\">\n\t\t\t<div class=\"elementor-widget-wrap elementor-element-populated\">\n\t\t\t\t\t\t<div class=\"elementor-element elementor-element-a1c25bc elementor-widget__width-initial elementor-widget elementor-widget-text-editor\" data-id=\"a1c25bc\" data-element_type=\"widget\" data-e-type=\"widget\" data-widget_type=\"text-editor.default\">\n\t\t\t\t<div class=\"elementor-widget-container\">\n\t\t\t\t\t\t\t\t\t<p><strong style=\"color: var( --e-global-color-text ); font-family: var( --e-global-typography-text-font-family ), Sans-serif;\">\u00a0<\/strong><strong style=\"color: var( --e-global-color-text ); font-family: var( --e-global-typography-text-font-family ), Sans-serif;\">Espacio de Trabajo<\/strong><\/p>\n<p><strong>\u00a0\u00a0\u00a0\u00a0\u00a0\u00a0\u00a0\u00a0\u00a0\u00a0\u00a0\u00a0\u00a0\u00a0\u00a0\u00a0 Red de Investigaci\u00f3n<\/strong><\/p>\n<p>\u00a0<\/p>\n<p><strong>L\u00edneas en l\u00ednea<\/strong><\/p>\n<p><strong>Redes en Red<\/strong><\/p>\n<p><strong>\u00a0<\/strong><\/p>\n<p><strong>Bit\u00e1cora <\/strong><\/p>\n<p><strong>A\u00f1o I, 2020<\/strong><\/p>\n<p><strong>\u00a0<\/strong><\/p>\n<p><strong>L\u00edneas de investigaci\u00f3n<\/strong><\/p>\n<p>Desde Espacio de Trabajo (Grupo CSIC de investigaci\u00f3n) comenzaron a desarrollarse dos l\u00edneas de trabajo Salud y Negociaci\u00f3n Colectiva. Este trabajo comenz\u00f3 en octubre de 2017. Lo que se trabajaba era el impacto de las tecnolog\u00edas y espacialmente de la automatizaci\u00f3n en esas dos grandes l\u00edneas.<\/p>\n<p>En el a\u00f1o 2019 se comenz\u00f3 a trabajar con los trabajadores de plataforma (especialmente con el sindicato de repartidores en ambas l\u00edneas) por supuesto esta atravesado por investigaciones que cruzan la relaci\u00f3n individual y los derechos humanos.<\/p>\n<p>La clave de derechos humanos es el marco te\u00f3rico que siempre est\u00e1 presente en una lectura transversal de los temas.<\/p>\n<p>A partir del d\u00eda 14 de marzo de 2020 las dos grandes l\u00edneas de investigaci\u00f3n en Espacio de Trabajo se transformaron en tres:<\/p>\n<p>Estas l\u00edneas macro son las siguientes: Solidaridad y Salud en el Trabajo. En la l\u00ednea solidaridad se encuentra la solidaridad\/lo colectivo que emana del colectivo. En origen del colectivo, en lo colectivo desde lo sindical, lo gremial y los movimientos sociales. En la idea de distinguir estos.<\/p>\n<p>La l\u00ednea de la solidaridad abre otra l\u00ednea dentro suyo que es la Solidaridad\/Estado, cuando es el Estado el que se hace cargo de esa solidaridad.<\/p>\n<p>Las l\u00edneas en definitiva que inicialmente eran dos terminan siendo tres: L\u00ednea Solidaridad\/Lo colectivo, L\u00ednea Solidaridad\/Estado, L\u00ednea Salud en el Trabajo.<\/p>\n<p>Esta idea es la que trabajamos en estos momentos como l\u00edneas en l\u00ednea.<\/p>\n<p>\u00a0<\/p>\n<p><strong>Integrantes por l\u00ednea de investigaci\u00f3n:<\/strong><\/p>\n<p><strong>\u00a0<\/strong><\/p>\n<p><strong>\u00a0<\/strong><\/p>\n<p><strong>L\u00ednea Solidaridad\/Lo colectivo, <\/strong><\/p>\n<p>Eduardo Caama\u00f1o Rojo<\/p>\n<p>Ver\u00f3nica Vidal<\/p>\n<p>Jimena Ruy-L\u00f3pez<\/p>\n<p>Cristina Mansilla<\/p>\n<p>Santiago de los Reyes<\/p>\n<p>Sebasti\u00e1n Giuffrida<\/p>\n<p>Mat\u00edas Carrasco,<\/p>\n<p>Luana Barboza<\/p>\n<p>Mirelle Bonora<\/p>\n<p>\u00a0<\/p>\n<p><strong>L\u00ednea Solidaridad\/Estado, <\/strong><\/p>\n<p>Jorge Notaro<\/p>\n<p>Mar\u00eda Josefina Pl\u00e1<\/p>\n<p>Santiago de Los Reyes<\/p>\n<p>Gonzalo Ubilla<\/p>\n<p>Cristina Mansilla<\/p>\n<p>Fabi\u00e1n Pita<\/p>\n<p>Alberto Torres<\/p>\n<p>Lorena Pascual<\/p>\n<p>Patricia Ribero<\/p>\n<p>Patricia Plada<\/p>\n<p>Fernando Rivero<\/p>\n<p>Nora Urbina<\/p>\n<p>Jaddy Guevara<\/p>\n<p><strong>\u00a0<\/strong><\/p>\n<p><strong>L\u00ednea Salud en el Trabajo.<\/strong><\/p>\n<p>\u00a0<\/p>\n<p>Fernando Tomasina<\/p>\n<p>Silvia Korinfeld<\/p>\n<p>Adriana Rodr\u00edguez<\/p>\n<p>Daniela Favier<\/p>\n<p>Marcela Cabral<\/p>\n<p>Ivonne Cancela<\/p>\n<p>Patricia Fernandes Da Silva<\/p>\n<p>Valentina D\u2019Amore<\/p>\n<p>Mar\u00eda del Carmen Berutti<\/p>\n<p>Gabriela Fern\u00e1ndez<\/p>\n<p>\u00a0<\/p>\n<p>Est\u00e1n interactuando de dos modos: existe un grupo constituido en WPP (Whats App) por cada una de las l\u00edneas. Y reuniones v\u00eda: Zoom y Skype hasta el momento.<\/p>\n<p>Por l\u00ednea est\u00e1 estructura con un grupo central: Espacio de Trabajo.<\/p>\n<p>Y luego funcionan tambi\u00e9n en red, esto es porque ya los grupos quedaron compuestos con integrantes de distintas redes. Estos tienen intercambios permanentes pero en funci\u00f3n de consignas muy precisas.<\/p>\n<p><strong>Las consignas por l\u00edneas son las siguientes.<\/strong><\/p>\n<p><strong>En el grupo y por l\u00ednea: <\/strong><\/p>\n<p><strong>\u00a0<\/strong><\/p>\n<ol>\n<li><strong>Grupo L\u00ednea Solidaridad\/Lo colectivo,<\/strong><\/li>\n<\/ol>\n<p><strong>General: <\/strong>Solidaridad y su relaci\u00f3n con el origen del conflicto en un plano filos\u00f3fico. Relaci\u00f3n con las protestas sociales. Solidaridad en lo sindical o gremial y solidaridad dispersa y global.<\/p>\n<p><strong>Caso observado: En <\/strong>lo concreto conflicto del SUNCA y su negociaci\u00f3n de la licencia especial. Reporte documental y gr\u00e1fico entrevistas. An\u00e1lisis.<\/p>\n<p><strong>Caso observado: <\/strong>teletrabajo en los call centers. En proceso.<\/p>\n<p>Contin\u00faa con distintos conflictos en distintos \u00e1mbitos. Incluso aquellas negociaciones en materia de salud.<\/p>\n<p><strong>\u00a0<\/strong><\/p>\n<ol start=\"2\">\n<li><strong>Grupo L\u00ednea Solidaridad\/Estado, <\/strong><\/li>\n<\/ol>\n<p>Esta l\u00ednea esta en el tema renta b\u00e1sica universal. El tema llega a Espacio en Abril\/2019.<\/p>\n<p>La idea es que cuando la solidaridad es afectada termina siendo imprescindible colocarla en el Estado. Esta solidaridad es afectada por la fragmentaci\u00f3n del colectivo que esto ya se daba por la automatizaci\u00f3n e incluso antes como forma de mutaci\u00f3n desde fines de los a\u00f1os 90\u2019.<\/p>\n<p>Otras formas en que el Estado ha tomado acciones en l\u00ednea o no con la solidaridad.<\/p>\n<p><strong>\u00a0<\/strong><\/p>\n<ol start=\"3\">\n<li><strong>Grupo L\u00ednea Salud en el Trabajo. <\/strong><\/li>\n<\/ol>\n<p>Acuerdos en el CONASSAT, la importancia de un gran di\u00e1logo social en esta materia. Lo que deber\u00eda acompa\u00f1ar un di\u00e1logo social macro, al estilo pacto social como ocurre a la salida de una guerra, una dictadura, etc. Como por ejemplo la concertaci\u00f3n social en Uruguay. Esto es Negociaci\u00f3n colectiva en la Cumbre.<\/p>\n<p>\u00a0<\/p>\n<p>En salud se trabaja tambi\u00e9n en:<\/p>\n<p>Qu\u00e9 es riesgo biol\u00f3gico? Epidemiolog\u00eda y Riesgo\/s Psicosociales y su diferencia con factores de riesgo.<\/p>\n<p>El impacto del riesgo biol\u00f3gico (COVID 19 como zoonosis) y en los riesgos psicosociales y a la inversa.\u00a0 Se trata de encuadrar el estudio desde las distintas disciplinas que componen la salud laboral por eso el equipo es multidisciplinario. Aunque parte del equipo ya es interdisciplinario por provenir del trabajo en la Red Acad\u00e9mica de Trabajo.<\/p>\n<p><strong>\u00a0<\/strong><\/p>\n<p><strong>Otras colaboraciones de distintas procedencias:<\/strong><\/p>\n<p>Por otra parte en este tiempo se ha obtenido la colaboraci\u00f3n de docentes de las siguientes universidades:<\/p>\n<p>Eduardo Caama\u00f1o Rojo, Universidad Pontificia de Valpara\u00edso, Jaddy Guevara, Universidad Pontificia de Per\u00fa, \u00a0Nora Urbina, Universidad de San Carlos de Guatemala, Ver\u00f3nica Vidal, Adriana Rodr\u00edguez, Silvia Korinfeld, Universidad de Buenos Aires, Daniela Favier Universidad Nacional de Cuyo, Alberto Torres, Universidad Libre de Colombia.<\/p>\n<p>La integraci\u00f3n actual entonces cuenta con treinta personas (30). Los aportes a estas redes en red provienen en algunos casos de grupos de trabajo y de investigaci\u00f3n ya instalados como proyecto Red El Colibr\u00ed (lo que sumar\u00eda a Uruguay, Chile y Argentina).<\/p>\n<p>Esta propuesta la hemos denominado Redes en Red y los productos son el comparado de los instrumentos que se han ido produciendo en cada uno de esos pa\u00edses. Con distinto grado de avance.<\/p>\n<p>Cuyo producto es importante para estar informados y eventualmente intercambiar ideas sobre posibles soluciones. En este caso se trata de derecho comparado, pero tambi\u00e9n es importante el material gr\u00e1fico que se puede hacer llegar lo que alimenta una de las categor\u00edas del antiguo Espacio que es la categor\u00eda denominada: \u201cventanas del conflicto\u201d.<\/p>\n<p>\u00a0<\/p>\n<p>Ana Sotelo M\u00e1rquez<\/p>\n<p><strong>Coordinaci\u00f3n y tutor\u00edas<\/strong><\/p>\n<p><strong>Red Espacio de Trabajo\u00a0\u00a0\u00a0\u00a0\u00a0\u00a0\u00a0\u00a0\u00a0\u00a0\u00a0\u00a0\u00a0\u00a0\u00a0\u00a0\u00a0\u00a0\u00a0\u00a0\u00a0\u00a0\u00a0\u00a0\u00a0\u00a0\u00a0\u00a0\u00a0\u00a0\u00a0\u00a0\u00a0\u00a0\u00a0\u00a0\u00a0\u00a0\u00a0\u00a0\u00a0\u00a0\u00a0\u00a0\u00a0 <\/strong>\u00a0 \u00a0 \u00a0 \u00a0 \u00a0 \u00a0 \u00a0 \u00a0 \u00a0 \u00a0 \u00a0 \u00a0 \u00a0 \u00a0 \u00a0 \u00a0 \u00a0 \u00a0 \u00a0 \u00a0 \u00a0<\/p>\n<p>Montevideo,\u00a0 2 de abril de 2020.<\/p>\t\t\t\t\t\t\t\t<\/div>\n\t\t\t\t<\/div>\n\t\t\t\t\t<\/div>\n\t\t<\/div>\n\t\t\t\t\t<\/div>\n\t\t<\/section>\n\t\t\t\t<\/div>\n\t\t","protected":false},"excerpt":{"rendered":"<p>\u00a0Espacio de Trabajo \u00a0\u00a0\u00a0\u00a0\u00a0\u00a0\u00a0\u00a0\u00a0\u00a0\u00a0\u00a0\u00a0\u00a0\u00a0\u00a0 Red de Investigaci\u00f3n \u00a0 L\u00edneas en l\u00ednea Redes en Red \u00a0 Bit\u00e1cora A\u00f1o I, 2020 \u00a0 L\u00edneas de investigaci\u00f3n Desde Espacio de Trabajo (Grupo CSIC de investigaci\u00f3n) comenzaron a desarrollarse dos l\u00edneas de trabajo Salud y Negociaci\u00f3n Colectiva. Este trabajo comenz\u00f3 en octubre de 2017. Lo que se trabajaba era el [&hellip;]<\/p>\n","protected":false},"author":1,"featured_media":0,"parent":12,"menu_order":0,"comment_status":"closed","ping_status":"closed","template":"","meta":{"footnotes":""},"class_list":["post-130","page","type-page","status-publish","hentry"],"_links":{"self":[{"href":"https:\/\/redespaciodetrabajo.udelar.edu.uy\/index.php?rest_route=\/wp\/v2\/pages\/130","targetHints":{"allow":["GET"]}}],"collection":[{"href":"https:\/\/redespaciodetrabajo.udelar.edu.uy\/index.php?rest_route=\/wp\/v2\/pages"}],"about":[{"href":"https:\/\/redespaciodetrabajo.udelar.edu.uy\/index.php?rest_route=\/wp\/v2\/types\/page"}],"author":[{"embeddable":true,"href":"https:\/\/redespaciodetrabajo.udelar.edu.uy\/index.php?rest_route=\/wp\/v2\/users\/1"}],"replies":[{"embeddable":true,"href":"https:\/\/redespaciodetrabajo.udelar.edu.uy\/index.php?rest_route=%2Fwp%2Fv2%2Fcomments&post=130"}],"version-history":[{"count":14,"href":"https:\/\/redespaciodetrabajo.udelar.edu.uy\/index.php?rest_route=\/wp\/v2\/pages\/130\/revisions"}],"predecessor-version":[{"id":230,"href":"https:\/\/redespaciodetrabajo.udelar.edu.uy\/index.php?rest_route=\/wp\/v2\/pages\/130\/revisions\/230"}],"up":[{"embeddable":true,"href":"https:\/\/redespaciodetrabajo.udelar.edu.uy\/index.php?rest_route=\/wp\/v2\/pages\/12"}],"wp:attachment":[{"href":"https:\/\/redespaciodetrabajo.udelar.edu.uy\/index.php?rest_route=%2Fwp%2Fv2%2Fmedia&parent=130"}],"curies":[{"name":"wp","href":"https:\/\/api.w.org\/{rel}","templated":true}]}}