{"id":10,"date":"2021-08-21T11:24:33","date_gmt":"2021-08-21T11:24:33","guid":{"rendered":"https:\/\/redespaciodetrabajo.udelar.edu.uy\/?page_id=10"},"modified":"2024-02-22T03:43:52","modified_gmt":"2024-02-22T03:43:52","slug":"quienes-somos","status":"publish","type":"page","link":"https:\/\/redespaciodetrabajo.udelar.edu.uy\/?page_id=10","title":{"rendered":"Quienes somos"},"content":{"rendered":"\t\t<div data-elementor-type=\"wp-page\" data-elementor-id=\"10\" class=\"elementor elementor-10\">\n\t\t\t\t\t\t<section class=\"elementor-section elementor-top-section elementor-element elementor-element-e24dd46 elementor-section-boxed elementor-section-height-default elementor-section-height-default\" data-id=\"e24dd46\" data-element_type=\"section\" data-e-type=\"section\">\n\t\t\t\t\t\t<div class=\"elementor-container elementor-column-gap-default\">\n\t\t\t\t\t<div class=\"elementor-column elementor-col-100 elementor-top-column elementor-element elementor-element-8214cc4\" data-id=\"8214cc4\" data-element_type=\"column\" data-e-type=\"column\">\n\t\t\t<div class=\"elementor-widget-wrap elementor-element-populated\">\n\t\t\t\t\t\t<div class=\"elementor-element elementor-element-d4ceb3b elementor-widget elementor-widget-text-editor\" data-id=\"d4ceb3b\" data-element_type=\"widget\" data-e-type=\"widget\" data-widget_type=\"text-editor.default\">\n\t\t\t\t<div class=\"elementor-widget-container\">\n\t\t\t\t\t\t\t\t\t<p><img decoding=\"async\" class=\"alignnone size-full wp-image-103\" src=\"https:\/\/redespaciodetrabajo.udelar.edu.uy\/wp-content\/uploads\/2022\/07\/Logo-Espacio-de-Trabajo-10.jpg\" alt=\"\" width=\"95\" height=\"70\" \/><\/p><p><span style=\"color: #ffcc00;\"><strong>Red Espacio de Trabajo (REDes)<\/strong><\/span><\/p><p><span style=\"color: #ffcc00;\">Antecedentes. Espacio de Trabajo<\/span><\/p><p>Para explicar qui\u00e9nes somos tenemos que remontarnos a Espacio de Trabajo. Este Espacio de Innovaci\u00f3n Educativa fue presentado como un proyecto de investigaci\u00f3n que ten\u00eda como objetivo realizar investigaci\u00f3n con estudiantes, con car\u00e1cter interdisciplinario, atendiendo a las tres funciones de la Universidad de la Rep\u00fablica.<\/p><p>As\u00ed es como el 6 de diciembre de 2005 comenzamos funcionando hasta el 28 de diciembre y luego del receso de enero continuamos el trabajo.<\/p><p>Los dos primeros trabajos fueron sobre la Ocupaci\u00f3n de los lugares de Trabajo y sobre El nuevo modelo de Relaciones Laborales que parec\u00eda emerger de la aprobaci\u00f3n de normas referidas al tema Derecho Colectivo del Trabajo a partir del a\u00f1o 2005.<\/p><p>Ten\u00edamos muchas ganas, hicimos mucho trabajo a pulm\u00f3n y recibimos luego tres apoyos fundamentales: la aprobaci\u00f3n de un proyecto de investigaci\u00f3n por parte de la Facultad de Derecho (UdelaR) en diciembre de 2005, el apoyo del Centro de Estudiantes de Derecho (UdelaR) y el apoyo de la Coordinaci\u00f3n de la Carrera de Relaciones Laborales (UdelaR).<\/p><p>Los primeros a\u00f1os contamos con esa financiaci\u00f3n y luego con diferentes proyectos de extensi\u00f3n\/investigaci\u00f3n. Siempre trabajados desde las tres funciones y con car\u00e1cter interdisciplinario.<\/p><p>Fue as\u00ed que trabajamos con Derecho Colectivo de Trabajo (2005-2007), generando una pel\u00edcula fruto de una de las investigaciones. Esa pel\u00edcula sobre El Mundo del Trabajo utiliz\u00f3 las siguientes pel\u00edculas: Germinal, La Reeducaci\u00f3n, La Demolici\u00f3n y El M\u00e9todo. La edici\u00f3n estuvo a cargo de un Director de Cine: Pablo Rodr\u00edguez y los contenidos fueron extra\u00eddos del trabajo en equipo de: Andrea Dumpi\u00e9rrez, Florencia Torresani, Rosana Aramendi,<\/p><p>La direcci\u00f3n y coordinaci\u00f3n de edici\u00f3n estuvo a cargo de Ana Sotelo.<\/p><p>Es tambi\u00e9n en el a\u00f1o 2007 que sacamos el bolet\u00edn C\u00f3digos y Claves que figura en el hist\u00f3rico de la p\u00e1gina de Facultad de Derecho. Siendo all\u00ed tambi\u00e9n que conseguimos la autorizaci\u00f3n de Julia A\u00f1orga de Gurvich para la utilizaci\u00f3n del Mundo de Nueva York (serie Naranja, 1973) como logo de nuestro espacio.<\/p><p>Los dem\u00e1s temas que trabajamos fueron a partir del 2008 las l\u00edneas de Negociaci\u00f3n Colectiva y Salud Laboral. A partir de sendos proyectos trabajamos sobre negociaci\u00f3n colectiva en el sector papelero proyecto que luego tuvo un convenio a partir de 2009 con la Universidad de Buenos Aires (proyecto UBACYT-Espacio de Trabajo, con la c\u00e1tedra Palomino Garro y nuestro Espacio) que se mantuvo vigente hasta el a\u00f1o 2010. En la primera parte de este proyecto trabajo el Dr. Hugo Barreto (2007.2008) en el proyecto de extensi\u00f3n donde entramos en contacto y trabajamos con los colectivos de papeleros que se estaban federando. En ese trabajo tambi\u00e9n coincidimos con el Profesor Marcos Supervielle (Ciencias Sociales) que trabajaba con el mismo colectivo.<\/p><p>En cuanto a la l\u00ednea de salud contamos con la colaboraci\u00f3n en ese proyecto de 2007-2008 de la Dra. Graciela Giuzio y el Dr. H\u00e9ctor Babace.<\/p><p>Estos proyectos estuvieron activos hasta 2012 con diferente composici\u00f3n y a partir de distintos proyectos de extensi\u00f3n universitaria.<\/p><p>Es en 2012 que nos ocupamos del tema discapacidad. El cometido era darle visibilidad al colectivo en momentos que se estaba tratando el tema de la accesibilidad. Ah\u00ed entendimos que era tan importante investigar como difundir y que esta difusi\u00f3n fuera \u00fatil al colectivo que estaba dirigida. Por eso es que llegamos a armar una jornada acad\u00e9mico-cultural, en la que participaron distintas manifestaciones art\u00edsticas: teatro, pl\u00e1stica, cine, m\u00fasica, etc que involucraban a personas con diferentes capacidades.<\/p><p>La exposici\u00f3n de la investigaci\u00f3n fue realizada en la Sala Maggiolo con participaci\u00f3n de los estudiantes que hac\u00edan la investigaci\u00f3n y comentarios de destacados panelistas en la tem\u00e1tica entre los que se contaba el Inspector de Trabajo y Seguridad Social (MTSS), el Secretario de Discapacidad de la Intendencia as\u00ed como representantes del los colectivos de personas con discapacidad. Engalan\u00f3 la agenda la exposici\u00f3n de Jacky Urioste que hab\u00eda pertenecido al taller de Clever Lara, persona con capacidades diferentes que hab\u00eda fallecido ese a\u00f1o, la homenajeamos con la exposici\u00f3n de sus obras frente a la sala. Obras valios\u00edsimas que hab\u00edan sido expuestas en diferentes lugares de mundo.<\/p><p>La prensa escrita, radial y televisiva acompa\u00f1o esta jornada y a lo largo de esa semana que gir\u00f3 alrededor del d\u00eda 3 de diciembre de 2012 que se conmemora el D\u00eda de las Personas con Discapacidad.<\/p><p>En el 2015 es que retomamos un trabajo que no hab\u00eda terminado que en paralelo se fue sosteniendo con distintos ritmos y a pulm\u00f3n: lo colectivo (conflicto, negociaci\u00f3n, huelga, sindicatos) y salud en el trabajo, en 2013-2016 se realiz\u00f3 por mi parte una investigaci\u00f3n que se encontraba sostenida por el trabajo ya realizado entre 2008 y 2012 en los proyectos ya referidos m\u00e1s arriba.<\/p><p>Esas dos l\u00edneas de investigaci\u00f3n que podemos denominar \u201clo Colectivo\u201d y \u00a0Salud Laboral son las que siempre nos acompa\u00f1aron hasta la fecha.<\/p><p>En el a\u00f1o 2017 comenzamos con trabajo en plataformas, abordando una l\u00ednea sobre negociaci\u00f3n colectivo o \u201clo colectivo\u201d y sobre salud laboral. Por eso el 10 de junio de 2019 realizamos una jornada doble (UdelaR-PIT CNT, en el marco del convenio entre ambas instituciones), en esta actividad sobre Automatizaci\u00f3n y Trabajo, se desarrollan dos grandes conversatorios.\u00a0Ah\u00ed Espacio de Trabajo en el Paraninfo de la Universidad vuelve a tratar de darle visibilidad a un tema que era invisible en ese momento, con una importancia creciente, trabajo en plataformas, convocando a la Red Acad\u00e9mica de Trabajo (Fernando Tomasina, Ana Mar\u00eda Ara\u00fajo, Mariana Mendy) y al movimiento sindical (integrantes de SINUREP de aquel entonces, FUECYS, Secretar\u00eda de Salud laboral del PIT- CNT), con invitados extranjeros. Participaron: Silvia Korinfeld (Ex UBA, CONICET, CEIL-PIETTE), Adriana Rodr\u00edguez (ex Directora del Instituto de Derecho del Trabajo de Quilmes), Ver\u00f3nica Vidal (docente de la Universidad de Buenos Aires).<\/p><p><span style=\"color: #ffcc00;\"><strong>Creaci\u00f3n de Red Espacio de Trabajo.<\/strong><\/span><\/p><p>Con el advenimiento de la pandemia, tanto la Red EL Mundo del Trabajo que coordino desde mayo de 2006 como otros grupos de investigaci\u00f3n especialmente de Argentina y Chile surgen como una oportunidad de hacer que Espacio de Trabajo sea una red latinoamericana. Termina amalgamando el trabajo de varios grupos o redes entre ellas la Red Acad\u00e9mica de Trabajo o Red El Mundo del Trabajo.<\/p><p>Esa red comienza a funcionar en marzo de 2020 y comenz\u00f3 con cuarenta miembros.<\/p><p>La propia Red ayuda a co-fundar a REDALC como una red de Latinoam\u00e9rica y el Caribe sobre Derecho y Educaci\u00f3n por eso en esta p\u00e1gina est\u00e1 su link. \u00a0Tambi\u00e9n tiene lugar un encuentro de IBERSOC que es una red sobre salud que es Iberoamericana y que tiene sede en la Universidad de Sevilla cuyo link tambi\u00e9n colgamos. Participamos tambi\u00e9n de esta Red y de ese Encuentro que iba a realizarse en Montevideo y termin\u00f3 siendo un evento virtual de gran riqueza.<\/p><p>Los grupos que se formaron abarcaron distintas l\u00edneas siempre abarcativas de salud y negociaci\u00f3n colectiva (de lo colectivo en general), incluso hubo un inicio de trabajo en seguridad social.<\/p><p>En esta \u00e9poca es que Espacio de Trabajo publica su historia en un libro que fue dirigido por Graciela Staines de la UNAM (Universidad Aut\u00f3noma de M\u00e9xico, con quien estuvimos trabajando en el encuentro que luego dio lugar a la creaci\u00f3n de REDALC cuya coordinadora y gran motor es Tael\u00ed G\u00f3mez (Universidad de Atacama).<\/p><p>El libro Ciencia Jur\u00eddica. Transdiciplina y Complejidad coordinado por Graciela Staines Vega y Oscar Hern\u00e1ndez Meneses (ISBN 978-607-99341-0-1) publica Espacio de Trabajo un proyecto de innovaci\u00f3n educativa latinoamericana.<\/p><p>En ese momento ya constitu\u00edamos ya una red. Una red que funcionaba en red con otras lo que dio lugar a generar la idea de redes en red. As\u00ed como la de l\u00edneas en l\u00ednea ya que unas l\u00edneas terminaron alimentando a las otras. Nos remitimos all\u00ed a la primer bit\u00e1cora de la red (A\u00f1o I No. 1).<\/p>\t\t\t\t\t\t\t\t<\/div>\n\t\t\t\t<\/div>\n\t\t\t\t\t<\/div>\n\t\t<\/div>\n\t\t\t\t\t<\/div>\n\t\t<\/section>\n\t\t\t\t<\/div>\n\t\t","protected":false},"excerpt":{"rendered":"<p>Red Espacio de Trabajo (REDes) Antecedentes. Espacio de Trabajo Para explicar qui\u00e9nes somos tenemos que remontarnos a Espacio de Trabajo. Este Espacio de Innovaci\u00f3n Educativa fue presentado como un proyecto de investigaci\u00f3n que ten\u00eda como objetivo realizar investigaci\u00f3n con estudiantes, con car\u00e1cter interdisciplinario, atendiendo a las tres funciones de la Universidad de la Rep\u00fablica. As\u00ed [&hellip;]<\/p>\n","protected":false},"author":1,"featured_media":0,"parent":8,"menu_order":1,"comment_status":"closed","ping_status":"closed","template":"","meta":{"footnotes":""},"class_list":["post-10","page","type-page","status-publish","hentry"],"_links":{"self":[{"href":"https:\/\/redespaciodetrabajo.udelar.edu.uy\/index.php?rest_route=\/wp\/v2\/pages\/10","targetHints":{"allow":["GET"]}}],"collection":[{"href":"https:\/\/redespaciodetrabajo.udelar.edu.uy\/index.php?rest_route=\/wp\/v2\/pages"}],"about":[{"href":"https:\/\/redespaciodetrabajo.udelar.edu.uy\/index.php?rest_route=\/wp\/v2\/types\/page"}],"author":[{"embeddable":true,"href":"https:\/\/redespaciodetrabajo.udelar.edu.uy\/index.php?rest_route=\/wp\/v2\/users\/1"}],"replies":[{"embeddable":true,"href":"https:\/\/redespaciodetrabajo.udelar.edu.uy\/index.php?rest_route=%2Fwp%2Fv2%2Fcomments&post=10"}],"version-history":[{"count":10,"href":"https:\/\/redespaciodetrabajo.udelar.edu.uy\/index.php?rest_route=\/wp\/v2\/pages\/10\/revisions"}],"predecessor-version":[{"id":226,"href":"https:\/\/redespaciodetrabajo.udelar.edu.uy\/index.php?rest_route=\/wp\/v2\/pages\/10\/revisions\/226"}],"up":[{"embeddable":true,"href":"https:\/\/redespaciodetrabajo.udelar.edu.uy\/index.php?rest_route=\/wp\/v2\/pages\/8"}],"wp:attachment":[{"href":"https:\/\/redespaciodetrabajo.udelar.edu.uy\/index.php?rest_route=%2Fwp%2Fv2%2Fmedia&parent=10"}],"curies":[{"name":"wp","href":"https:\/\/api.w.org\/{rel}","templated":true}]}}